{"id":3892,"date":"2023-04-25T13:01:10","date_gmt":"2023-04-25T13:01:10","guid":{"rendered":"https:\/\/aale.ee\/?post_type=product&#038;p=3892"},"modified":"2023-07-13T11:32:54","modified_gmt":"2023-07-13T11:32:54","slug":"haapsalu-sall-7","status":"publish","type":"product","link":"https:\/\/aale.ee\/en\/e-pood\/womens-knitwear-womens-knitwear\/scarfs\/haapsalu-sall-7\/","title":{"rendered":"Haapsalu sall"},"content":{"rendered":"<p>K\u00e4sitsi kootud peenvillasest l\u00f5ngast.<\/p>\n<p>V\u00e4rvus: naturaalne valge<\/p>\n<p>M\u00f5\u00f5dud: ca 63 x 158 cm<\/p>\n","protected":false},"excerpt":{"rendered":"<p>K\u00e4sitsi kootud peenvillasest l\u00f5ngast. V\u00e4rvus: naturaalne valge M\u00f5\u00f5dud: ca 63 x 158 cm<\/p>\n","protected":false},"featured_media":3894,"comment_status":"closed","ping_status":"closed","template":"","meta":{"_acf_changed":false,"inline_featured_image":false},"product_brand":[],"product_cat":[336,428,337],"product_tag":[438,603,604],"class_list":{"0":"post-3892","1":"product","2":"type-product","3":"status-publish","4":"has-post-thumbnail","6":"product_cat-koik-tooted-en","7":"product_cat-scarfs","8":"product_cat-womens-knitwear-womens-knitwear","9":"product_tag-100-villane-en","10":"product_tag-ainulaadne-en","11":"product_tag-kasitoo-en","13":"first","14":"outofstock","15":"taxable","16":"shipping-taxable","17":"purchasable","18":"product-type-simple"},"acf":[],"_links":{"self":[{"href":"https:\/\/aale.ee\/en\/wp-json\/wp\/v2\/product\/3892","targetHints":{"allow":["GET"]}}],"collection":[{"href":"https:\/\/aale.ee\/en\/wp-json\/wp\/v2\/product"}],"about":[{"href":"https:\/\/aale.ee\/en\/wp-json\/wp\/v2\/types\/product"}],"replies":[{"embeddable":true,"href":"https:\/\/aale.ee\/en\/wp-json\/wp\/v2\/comments?post=3892"}],"wp:featuredmedia":[{"embeddable":true,"href":"https:\/\/aale.ee\/en\/wp-json\/wp\/v2\/media\/3894"}],"wp:attachment":[{"href":"https:\/\/aale.ee\/en\/wp-json\/wp\/v2\/media?parent=3892"}],"wp:term":[{"taxonomy":"product_brand","embeddable":true,"href":"https:\/\/aale.ee\/en\/wp-json\/wp\/v2\/product_brand?post=3892"},{"taxonomy":"product_cat","embeddable":true,"href":"https:\/\/aale.ee\/en\/wp-json\/wp\/v2\/product_cat?post=3892"},{"taxonomy":"product_tag","embeddable":true,"href":"https:\/\/aale.ee\/en\/wp-json\/wp\/v2\/product_tag?post=3892"}],"curies":[{"name":"wp","href":"https:\/\/api.w.org\/{rel}","templated":true}]}}