{"id":3945,"date":"2023-05-02T13:13:37","date_gmt":"2023-05-02T13:13:37","guid":{"rendered":"https:\/\/aale.ee\/?post_type=product&#038;p=3945"},"modified":"2025-11-27T19:08:11","modified_gmt":"2025-11-27T19:08:11","slug":"rahvaroiva-seelikukangas-ambla","status":"publish","type":"product","link":"https:\/\/aale.ee\/en\/e-pood\/rahvaroivad\/rahvaroiva-seelikukangas-ambla\/","title":{"rendered":"Rahvar\u00f5iva seelikukangas Helme"},"content":{"rendered":"<p>Rahvar\u00f5iva seelikukanga kupong. Helme kihelkond.<\/p>\n<p>Ajalooline eeskuju ERM A 446:274<\/p>\n<p>Kootud masintelgedel, kude ja l\u00f5im 100% villane.<\/p>\n<p>M\u00f5\u00f5dud: 0,94 x 3,10 m<\/p>\n","protected":false},"excerpt":{"rendered":"<p>Rahvar\u00f5iva seelikukanga kupong. Helme kihelkond. Ajalooline eeskuju ERM A 446:274 Kootud masintelgedel, kude ja l\u00f5im 100% villane. M\u00f5\u00f5dud: 0,94 x&#8230;<\/p>\n","protected":false},"featured_media":4392,"comment_status":"closed","ping_status":"closed","template":"","meta":{"_acf_changed":false,"inline_featured_image":false},"product_brand":[],"product_cat":[33,331,658,32,37],"product_tag":[290,616,289],"class_list":{"0":"post-3945","1":"product","2":"type-product","3":"status-publish","4":"has-post-thumbnail","6":"product_cat-rahvaroivad","7":"product_cat-kangad","8":"product_cat-kangad-materjalid","9":"product_cat-koik-tooted","10":"product_cat-materjalid","11":"product_tag-100-villane","12":"product_tag-etnograafiline-muster","13":"product_tag-hingav-materjal","15":"first","16":"outofstock","17":"taxable","18":"shipping-taxable","19":"purchasable","20":"product-type-simple"},"acf":[],"_links":{"self":[{"href":"https:\/\/aale.ee\/en\/wp-json\/wp\/v2\/product\/3945","targetHints":{"allow":["GET"]}}],"collection":[{"href":"https:\/\/aale.ee\/en\/wp-json\/wp\/v2\/product"}],"about":[{"href":"https:\/\/aale.ee\/en\/wp-json\/wp\/v2\/types\/product"}],"replies":[{"embeddable":true,"href":"https:\/\/aale.ee\/en\/wp-json\/wp\/v2\/comments?post=3945"}],"wp:featuredmedia":[{"embeddable":true,"href":"https:\/\/aale.ee\/en\/wp-json\/wp\/v2\/media\/4392"}],"wp:attachment":[{"href":"https:\/\/aale.ee\/en\/wp-json\/wp\/v2\/media?parent=3945"}],"wp:term":[{"taxonomy":"product_brand","embeddable":true,"href":"https:\/\/aale.ee\/en\/wp-json\/wp\/v2\/product_brand?post=3945"},{"taxonomy":"product_cat","embeddable":true,"href":"https:\/\/aale.ee\/en\/wp-json\/wp\/v2\/product_cat?post=3945"},{"taxonomy":"product_tag","embeddable":true,"href":"https:\/\/aale.ee\/en\/wp-json\/wp\/v2\/product_tag?post=3945"}],"curies":[{"name":"wp","href":"https:\/\/api.w.org\/{rel}","templated":true}]}}