{"id":4040,"date":"2023-06-01T11:23:55","date_gmt":"2023-06-01T11:23:55","guid":{"rendered":"https:\/\/aale.ee\/?post_type=product&#038;p=4040"},"modified":"2025-07-18T09:51:10","modified_gmt":"2025-07-18T09:51:10","slug":"hobedast-vitssolg-3-cm","status":"publish","type":"product","link":"https:\/\/aale.ee\/en\/e-pood\/folk-costumes\/ehted-2-en\/hobedast-vitssolg-3-cm\/","title":{"rendered":"H\u00f5bedast vitss\u00f5lg 3 cm"},"content":{"rendered":"<p>Kauni kujundusega h\u00f5bedast vitss\u00f5lg prooviga 925<\/p>\n<p>N\u00f5elkinnisega, diameeter 3 cm, kaal 4,4g<\/p>\n","protected":false},"excerpt":{"rendered":"<p>Kauni kujundusega h\u00f5bedast vitss\u00f5lg prooviga 925 N\u00f5elkinnisega, diameeter 3 cm, kaal 4,4g<\/p>\n","protected":false},"featured_media":4042,"comment_status":"closed","ping_status":"closed","template":"","meta":{"_acf_changed":false,"inline_featured_image":false},"product_brand":[],"product_cat":[336,339,762,412],"product_tag":[603,617,604],"class_list":{"0":"post-4040","1":"product","2":"type-product","3":"status-publish","4":"has-post-thumbnail","6":"product_cat-koik-tooted-en","7":"product_cat-folk-costumes","8":"product_cat-ehted-2-en","9":"product_cat-jewelry","10":"product_tag-ainulaadne-en","11":"product_tag-etnograafiline-muster-en","12":"product_tag-kasitoo-en","14":"first","15":"outofstock","16":"taxable","17":"shipping-taxable","18":"purchasable","19":"product-type-simple"},"acf":[],"_links":{"self":[{"href":"https:\/\/aale.ee\/en\/wp-json\/wp\/v2\/product\/4040","targetHints":{"allow":["GET"]}}],"collection":[{"href":"https:\/\/aale.ee\/en\/wp-json\/wp\/v2\/product"}],"about":[{"href":"https:\/\/aale.ee\/en\/wp-json\/wp\/v2\/types\/product"}],"replies":[{"embeddable":true,"href":"https:\/\/aale.ee\/en\/wp-json\/wp\/v2\/comments?post=4040"}],"wp:featuredmedia":[{"embeddable":true,"href":"https:\/\/aale.ee\/en\/wp-json\/wp\/v2\/media\/4042"}],"wp:attachment":[{"href":"https:\/\/aale.ee\/en\/wp-json\/wp\/v2\/media?parent=4040"}],"wp:term":[{"taxonomy":"product_brand","embeddable":true,"href":"https:\/\/aale.ee\/en\/wp-json\/wp\/v2\/product_brand?post=4040"},{"taxonomy":"product_cat","embeddable":true,"href":"https:\/\/aale.ee\/en\/wp-json\/wp\/v2\/product_cat?post=4040"},{"taxonomy":"product_tag","embeddable":true,"href":"https:\/\/aale.ee\/en\/wp-json\/wp\/v2\/product_tag?post=4040"}],"curies":[{"name":"wp","href":"https:\/\/api.w.org\/{rel}","templated":true}]}}