{"id":4083,"date":"2023-06-08T08:09:32","date_gmt":"2023-06-08T08:09:32","guid":{"rendered":"https:\/\/aale.ee\/?post_type=product&#038;p=4083"},"modified":"2023-06-08T08:30:56","modified_gmt":"2023-06-08T08:30:56","slug":"t-sark-rakvere","status":"publish","type":"product","link":"https:\/\/aale.ee\/en\/e-pood\/t-sargid\/t-sark-rakvere\/","title":{"rendered":"T-s\u00e4rk Rakvere"},"content":{"rendered":"<p>Materjal 100% puuvill.<\/p>\n<p>Mustal s\u00e4rgil v\u00e4rvilises tr\u00fckis pilt.<\/p>\n","protected":false},"excerpt":{"rendered":"<p>Materjal 100% puuvill. Mustal s\u00e4rgil v\u00e4rvilises tr\u00fckis pilt.<\/p>\n","protected":false},"featured_media":4089,"comment_status":"closed","ping_status":"closed","template":"","meta":{"_acf_changed":false,"inline_featured_image":false},"product_brand":[],"product_cat":[39,32],"product_tag":[669,289,670],"class_list":{"0":"post-4083","1":"product","2":"type-product","3":"status-publish","4":"has-post-thumbnail","6":"product_cat-t-sargid","7":"product_cat-koik-tooted","8":"product_tag-100-puuvill","9":"product_tag-hingav-materjal","10":"product_tag-originaalkavand","11":"pa_suurus-l","12":"pa_suurus-m","13":"pa_suurus-s","14":"pa_suurus-xl","15":"pa_suurus-xs","16":"pa_suurus-xxl","18":"first","19":"instock","20":"taxable","21":"shipping-taxable","22":"purchasable","23":"product-type-variable"},"acf":[],"_links":{"self":[{"href":"https:\/\/aale.ee\/en\/wp-json\/wp\/v2\/product\/4083","targetHints":{"allow":["GET"]}}],"collection":[{"href":"https:\/\/aale.ee\/en\/wp-json\/wp\/v2\/product"}],"about":[{"href":"https:\/\/aale.ee\/en\/wp-json\/wp\/v2\/types\/product"}],"replies":[{"embeddable":true,"href":"https:\/\/aale.ee\/en\/wp-json\/wp\/v2\/comments?post=4083"}],"wp:featuredmedia":[{"embeddable":true,"href":"https:\/\/aale.ee\/en\/wp-json\/wp\/v2\/media\/4089"}],"wp:attachment":[{"href":"https:\/\/aale.ee\/en\/wp-json\/wp\/v2\/media?parent=4083"}],"wp:term":[{"taxonomy":"product_brand","embeddable":true,"href":"https:\/\/aale.ee\/en\/wp-json\/wp\/v2\/product_brand?post=4083"},{"taxonomy":"product_cat","embeddable":true,"href":"https:\/\/aale.ee\/en\/wp-json\/wp\/v2\/product_cat?post=4083"},{"taxonomy":"product_tag","embeddable":true,"href":"https:\/\/aale.ee\/en\/wp-json\/wp\/v2\/product_tag?post=4083"}],"curies":[{"name":"wp","href":"https:\/\/api.w.org\/{rel}","templated":true}]}}