{"id":4239,"date":"2023-06-21T13:37:57","date_gmt":"2023-06-21T13:37:57","guid":{"rendered":"https:\/\/aale.ee\/?post_type=product&#038;p=4239"},"modified":"2025-08-12T11:54:36","modified_gmt":"2025-08-12T11:54:36","slug":"rahvaroiva-seelikukangas-kadrina-ilumae","status":"publish","type":"product","link":"https:\/\/aale.ee\/en\/e-pood\/rahvaroivad\/rahvaroiva-seelikukangas-kadrina-ilumae\/","title":{"rendered":"Rahvar\u00f5iva seelikukangas Kadrina-Ilum\u00e4e"},"content":{"rendered":"<p>Rahvar\u00f5iva seelikukanga kupong m\u00f5\u00f5tudega 1,48 x 2,39 m<\/p>\n<p>Kootud masintelgedel, l\u00f5im puuvillane, kude villane. Triibustik 1:2.<\/p>\n<p>Ajalooline eeskuju: ERM A 308:19, mis on muuseumisse saadud V\u00f5sult Elts Muikmanni p\u00e4randusest.<\/p>\n","protected":false},"excerpt":{"rendered":"<p>Rahvar\u00f5iva seelikukanga kupong m\u00f5\u00f5tudega 1,48 x 2,39 m Kootud masintelgedel, l\u00f5im puuvillane, kude villane. Triibustik 1:2. Ajalooline eeskuju: ERM A&#8230;<\/p>\n","protected":false},"featured_media":3741,"comment_status":"closed","ping_status":"closed","template":"","meta":{"_acf_changed":false,"inline_featured_image":false},"product_brand":[],"product_cat":[33,658,331,32,37],"product_tag":[615,618],"class_list":{"0":"post-4239","1":"product","2":"type-product","3":"status-publish","4":"has-post-thumbnail","6":"product_cat-rahvaroivad","7":"product_cat-kangad-materjalid","8":"product_cat-kangad","9":"product_cat-koik-tooted","10":"product_cat-materjalid","11":"product_tag-eesti-parandmuster","12":"product_tag-naturaalsed-materjalid","14":"first","15":"outofstock","16":"taxable","17":"shipping-taxable","18":"purchasable","19":"product-type-simple"},"acf":[],"_links":{"self":[{"href":"https:\/\/aale.ee\/en\/wp-json\/wp\/v2\/product\/4239","targetHints":{"allow":["GET"]}}],"collection":[{"href":"https:\/\/aale.ee\/en\/wp-json\/wp\/v2\/product"}],"about":[{"href":"https:\/\/aale.ee\/en\/wp-json\/wp\/v2\/types\/product"}],"replies":[{"embeddable":true,"href":"https:\/\/aale.ee\/en\/wp-json\/wp\/v2\/comments?post=4239"}],"wp:featuredmedia":[{"embeddable":true,"href":"https:\/\/aale.ee\/en\/wp-json\/wp\/v2\/media\/3741"}],"wp:attachment":[{"href":"https:\/\/aale.ee\/en\/wp-json\/wp\/v2\/media?parent=4239"}],"wp:term":[{"taxonomy":"product_brand","embeddable":true,"href":"https:\/\/aale.ee\/en\/wp-json\/wp\/v2\/product_brand?post=4239"},{"taxonomy":"product_cat","embeddable":true,"href":"https:\/\/aale.ee\/en\/wp-json\/wp\/v2\/product_cat?post=4239"},{"taxonomy":"product_tag","embeddable":true,"href":"https:\/\/aale.ee\/en\/wp-json\/wp\/v2\/product_tag?post=4239"}],"curies":[{"name":"wp","href":"https:\/\/api.w.org\/{rel}","templated":true}]}}