{"id":4240,"date":"2023-06-21T13:56:45","date_gmt":"2023-06-21T13:56:45","guid":{"rendered":"https:\/\/aale.ee\/?post_type=product&#038;p=4240"},"modified":"2023-09-25T13:58:17","modified_gmt":"2023-09-25T13:58:17","slug":"rahvaroiva-seelikukangas-maarja-magdaleena","status":"publish","type":"product","link":"https:\/\/aale.ee\/en\/e-pood\/rahvaroivad\/rahvaroiva-seelikukangas-maarja-magdaleena\/","title":{"rendered":"Rahvar\u00f5iva seelikukangas Torma"},"content":{"rendered":"<p>Rahvar\u00f5iva seelikukanga kupong. Torma kihelkond.<\/p>\n<p>M\u00f5\u00f5tudega 1,50 x 1,50 m<\/p>\n<p>Kootud masintelgedel, l\u00f5im puuvillane, kude villane.<\/p>\n<p>Ajalooline eeskuju: ERM 3980, valmistanud Ann Dils V\u00f5tikvere vallas V\u00f5tikvere k\u00fclas ca 1866.a.<\/p>\n","protected":false},"excerpt":{"rendered":"<p>Rahvar\u00f5iva seelikukanga kupong. Torma kihelkond. M\u00f5\u00f5tudega 1,50 x 1,50 m Kootud masintelgedel, l\u00f5im puuvillane, kude villane. Ajalooline eeskuju: ERM 3980,&#8230;<\/p>\n","protected":false},"featured_media":4685,"comment_status":"closed","ping_status":"closed","template":"","meta":{"_acf_changed":false,"inline_featured_image":false},"product_brand":[],"product_cat":[33,331,658,32,37],"product_tag":[615,618],"class_list":{"0":"post-4240","1":"product","2":"type-product","3":"status-publish","4":"has-post-thumbnail","6":"product_cat-rahvaroivad","7":"product_cat-kangad","8":"product_cat-kangad-materjalid","9":"product_cat-koik-tooted","10":"product_cat-materjalid","11":"product_tag-eesti-parandmuster","12":"product_tag-naturaalsed-materjalid","14":"first","15":"instock","16":"taxable","17":"shipping-taxable","18":"purchasable","19":"product-type-simple"},"acf":[],"_links":{"self":[{"href":"https:\/\/aale.ee\/en\/wp-json\/wp\/v2\/product\/4240","targetHints":{"allow":["GET"]}}],"collection":[{"href":"https:\/\/aale.ee\/en\/wp-json\/wp\/v2\/product"}],"about":[{"href":"https:\/\/aale.ee\/en\/wp-json\/wp\/v2\/types\/product"}],"replies":[{"embeddable":true,"href":"https:\/\/aale.ee\/en\/wp-json\/wp\/v2\/comments?post=4240"}],"wp:featuredmedia":[{"embeddable":true,"href":"https:\/\/aale.ee\/en\/wp-json\/wp\/v2\/media\/4685"}],"wp:attachment":[{"href":"https:\/\/aale.ee\/en\/wp-json\/wp\/v2\/media?parent=4240"}],"wp:term":[{"taxonomy":"product_brand","embeddable":true,"href":"https:\/\/aale.ee\/en\/wp-json\/wp\/v2\/product_brand?post=4240"},{"taxonomy":"product_cat","embeddable":true,"href":"https:\/\/aale.ee\/en\/wp-json\/wp\/v2\/product_cat?post=4240"},{"taxonomy":"product_tag","embeddable":true,"href":"https:\/\/aale.ee\/en\/wp-json\/wp\/v2\/product_tag?post=4240"}],"curies":[{"name":"wp","href":"https:\/\/api.w.org\/{rel}","templated":true}]}}