{"id":4256,"date":"2023-06-22T10:36:19","date_gmt":"2023-06-22T10:36:19","guid":{"rendered":"https:\/\/aale.ee\/?post_type=product&#038;p=4256"},"modified":"2026-02-10T08:34:45","modified_gmt":"2026-02-10T08:34:45","slug":"hoberahaga-kurguhelmed-4","status":"publish","type":"product","link":"https:\/\/aale.ee\/en\/e-pood\/rahvaroivad\/hoberahaga-kurguhelmed-4\/","title":{"rendered":"H\u00f5berahaga kurguhelmed"},"content":{"rendered":"<p>Erinevates valgetes ja punastes toonides klaashelmed h\u00f5berahaga, mida kanti rahvar\u00f5ivastega.<\/p>\n<p>15-kopikane h\u00f5beraha prooviga 925 on valmistatud koopiana.<\/p>\n<p>Sidus punutud naturaalsest linasest l\u00f5ngast.<\/p>\n","protected":false},"excerpt":{"rendered":"<p>Erinevates valgetes ja punastes toonides klaashelmed h\u00f5berahaga, mida kanti rahvar\u00f5ivastega. 15-kopikane h\u00f5beraha prooviga 925 on valmistatud koopiana. Sidus punutud naturaalsest&#8230;<\/p>\n","protected":false},"featured_media":7139,"comment_status":"closed","ping_status":"closed","template":"","meta":{"_acf_changed":false,"inline_featured_image":false},"product_brand":[],"product_cat":[33,31,328,32,854,855],"product_tag":[292,288,618],"class_list":{"0":"post-4256","1":"product","2":"type-product","3":"status-publish","4":"has-post-thumbnail","6":"product_cat-rahvaroivad","7":"product_cat-ehted","8":"product_cat-ehted-2","9":"product_cat-koik-tooted","10":"product_cat-kurguhelmed","11":"product_cat-kurguhelmed-ehted","12":"product_tag-ainulaadne","13":"product_tag-kasitoo","14":"product_tag-naturaalsed-materjalid","16":"first","17":"instock","18":"taxable","19":"shipping-taxable","20":"purchasable","21":"product-type-simple"},"acf":[],"_links":{"self":[{"href":"https:\/\/aale.ee\/en\/wp-json\/wp\/v2\/product\/4256","targetHints":{"allow":["GET"]}}],"collection":[{"href":"https:\/\/aale.ee\/en\/wp-json\/wp\/v2\/product"}],"about":[{"href":"https:\/\/aale.ee\/en\/wp-json\/wp\/v2\/types\/product"}],"replies":[{"embeddable":true,"href":"https:\/\/aale.ee\/en\/wp-json\/wp\/v2\/comments?post=4256"}],"wp:featuredmedia":[{"embeddable":true,"href":"https:\/\/aale.ee\/en\/wp-json\/wp\/v2\/media\/7139"}],"wp:attachment":[{"href":"https:\/\/aale.ee\/en\/wp-json\/wp\/v2\/media?parent=4256"}],"wp:term":[{"taxonomy":"product_brand","embeddable":true,"href":"https:\/\/aale.ee\/en\/wp-json\/wp\/v2\/product_brand?post=4256"},{"taxonomy":"product_cat","embeddable":true,"href":"https:\/\/aale.ee\/en\/wp-json\/wp\/v2\/product_cat?post=4256"},{"taxonomy":"product_tag","embeddable":true,"href":"https:\/\/aale.ee\/en\/wp-json\/wp\/v2\/product_tag?post=4256"}],"curies":[{"name":"wp","href":"https:\/\/api.w.org\/{rel}","templated":true}]}}