{"id":4336,"date":"2023-06-29T07:41:47","date_gmt":"2023-06-29T07:41:47","guid":{"rendered":"https:\/\/aale.ee\/?post_type=product&#038;p=4336"},"modified":"2026-01-20T11:57:42","modified_gmt":"2026-01-20T11:57:42","slug":"suurratik-3","status":"publish","type":"product","link":"https:\/\/aale.ee\/en\/e-pood\/naiste-kudumid\/suurratik-3\/","title":{"rendered":"Suurr\u00e4tik"},"content":{"rendered":"<p>100 % villane.<\/p>\n<p>Toimselt kootud villane suurr\u00e4tik on m\u00f5\u00f5tudega 150 x 150 cm.<\/p>\n<p>Erinevates toonides naturaalsel hallil p\u00f5hjal pruunid, beezid, rohelised ja punakad ruudud. R\u00e4tikut \u00e4\u00e4ristavad 8,5 cm pikkused narmad.<\/p>\n","protected":false},"excerpt":{"rendered":"<p>100 % villane. Toimselt kootud villane suurr\u00e4tik on m\u00f5\u00f5tudega 150 x 150 cm. Erinevates toonides naturaalsel hallil p\u00f5hjal pruunid, beezid,&#8230;<\/p>\n","protected":false},"featured_media":7009,"comment_status":"closed","ping_status":"closed","template":"","meta":{"_acf_changed":false,"inline_featured_image":false},"product_brand":[],"product_cat":[26,34,33,304,322],"product_tag":[290,288,649],"class_list":{"0":"post-4336","1":"product","2":"type-product","3":"status-publish","4":"has-post-thumbnail","6":"product_cat-naiste-kudumid","7":"product_cat-kodusisustus","8":"product_cat-rahvaroivad","9":"product_cat-sallid-ja-olakatted","10":"product_cat-valmisroivad","11":"product_tag-100-villane","12":"product_tag-kasitoo","13":"product_tag-soe-ja-pehme","15":"first","16":"outofstock","17":"taxable","18":"shipping-taxable","19":"purchasable","20":"product-type-simple"},"acf":[],"_links":{"self":[{"href":"https:\/\/aale.ee\/en\/wp-json\/wp\/v2\/product\/4336","targetHints":{"allow":["GET"]}}],"collection":[{"href":"https:\/\/aale.ee\/en\/wp-json\/wp\/v2\/product"}],"about":[{"href":"https:\/\/aale.ee\/en\/wp-json\/wp\/v2\/types\/product"}],"replies":[{"embeddable":true,"href":"https:\/\/aale.ee\/en\/wp-json\/wp\/v2\/comments?post=4336"}],"wp:featuredmedia":[{"embeddable":true,"href":"https:\/\/aale.ee\/en\/wp-json\/wp\/v2\/media\/7009"}],"wp:attachment":[{"href":"https:\/\/aale.ee\/en\/wp-json\/wp\/v2\/media?parent=4336"}],"wp:term":[{"taxonomy":"product_brand","embeddable":true,"href":"https:\/\/aale.ee\/en\/wp-json\/wp\/v2\/product_brand?post=4336"},{"taxonomy":"product_cat","embeddable":true,"href":"https:\/\/aale.ee\/en\/wp-json\/wp\/v2\/product_cat?post=4336"},{"taxonomy":"product_tag","embeddable":true,"href":"https:\/\/aale.ee\/en\/wp-json\/wp\/v2\/product_tag?post=4336"}],"curies":[{"name":"wp","href":"https:\/\/api.w.org\/{rel}","templated":true}]}}