{"id":4468,"date":"2023-07-14T09:20:01","date_gmt":"2023-07-14T09:20:01","guid":{"rendered":"https:\/\/aale.ee\/?post_type=product&#038;p=4468"},"modified":"2025-07-18T09:33:02","modified_gmt":"2025-07-18T09:33:02","slug":"padjakate-kadrina-2","status":"publish","type":"product","link":"https:\/\/aale.ee\/en\/e-pood\/home-decoration\/padjakatted-en\/padjakate-kadrina-2\/","title":{"rendered":"Padjakate Kadrina"},"content":{"rendered":"<p>M\u00f5\u00f5dud: 40 x 40 cm<\/p>\n<p>\u00d5mmeldud Kadrina kihelkonna rahvar\u00f5iva seelikukangast (l\u00f5im puuvillane, kude villane).<\/p>\n<p>\u00dches servas peitlukk.<\/p>\n","protected":false},"excerpt":{"rendered":"<p>M\u00f5\u00f5dud: 40 x 40 cm \u00d5mmeldud Kadrina kihelkonna rahvar\u00f5iva seelikukangast (l\u00f5im puuvillane, kude villane). \u00dches servas peitlukk.<\/p>\n","protected":false},"featured_media":4470,"comment_status":"closed","ping_status":"closed","template":"","meta":{"_acf_changed":false,"inline_featured_image":false},"product_brand":[],"product_cat":[336,453,780],"product_tag":[620,619],"class_list":{"0":"post-4468","1":"product","2":"type-product","3":"status-publish","4":"has-post-thumbnail","6":"product_cat-koik-tooted-en","7":"product_cat-home-decoration","8":"product_cat-padjakatted-en","9":"product_tag-eesti-parandmuster-en","10":"product_tag-naturaalsed-materjalid-en","12":"first","13":"outofstock","14":"taxable","15":"shipping-taxable","16":"purchasable","17":"product-type-simple"},"acf":[],"_links":{"self":[{"href":"https:\/\/aale.ee\/en\/wp-json\/wp\/v2\/product\/4468","targetHints":{"allow":["GET"]}}],"collection":[{"href":"https:\/\/aale.ee\/en\/wp-json\/wp\/v2\/product"}],"about":[{"href":"https:\/\/aale.ee\/en\/wp-json\/wp\/v2\/types\/product"}],"replies":[{"embeddable":true,"href":"https:\/\/aale.ee\/en\/wp-json\/wp\/v2\/comments?post=4468"}],"wp:featuredmedia":[{"embeddable":true,"href":"https:\/\/aale.ee\/en\/wp-json\/wp\/v2\/media\/4470"}],"wp:attachment":[{"href":"https:\/\/aale.ee\/en\/wp-json\/wp\/v2\/media?parent=4468"}],"wp:term":[{"taxonomy":"product_brand","embeddable":true,"href":"https:\/\/aale.ee\/en\/wp-json\/wp\/v2\/product_brand?post=4468"},{"taxonomy":"product_cat","embeddable":true,"href":"https:\/\/aale.ee\/en\/wp-json\/wp\/v2\/product_cat?post=4468"},{"taxonomy":"product_tag","embeddable":true,"href":"https:\/\/aale.ee\/en\/wp-json\/wp\/v2\/product_tag?post=4468"}],"curies":[{"name":"wp","href":"https:\/\/api.w.org\/{rel}","templated":true}]}}