{"id":4631,"date":"2023-07-12T11:23:56","date_gmt":"2023-07-12T11:23:56","guid":{"rendered":"https:\/\/aale.ee\/e-pood\/uncategorized\/skirt-fabric-joelahtme-for-kids\/"},"modified":"2023-07-12T11:23:56","modified_gmt":"2023-07-12T11:23:56","slug":"skirt-fabric-joelahtme-for-kids","status":"publish","type":"product","link":"https:\/\/aale.ee\/en\/e-pood\/materials\/kangad-materjalid-en\/skirt-fabric-joelahtme-for-kids\/","title":{"rendered":"Skirt fabric J\u00f5el\u00e4htme (for kids)"},"content":{"rendered":"<p>Estonian folk costume skirt fabric cupon. J\u00f5el\u00e4htme parish.<\/p>\n<p>Historical prototype ERM 4711<\/p>\n<p>Woven on machine axes.<\/p>\n","protected":false},"excerpt":{"rendered":"<p>Estonian folk costume skirt fabric cupon. J\u00f5el\u00e4htme parish. Historical prototype ERM 4711 Woven on machine axes.<\/p>\n","protected":false},"featured_media":4458,"comment_status":"closed","ping_status":"closed","template":"","meta":{"_acf_changed":false,"inline_featured_image":false},"product_brand":[],"product_cat":[336,790,791,339,410,341],"product_tag":[438,620,440],"class_list":{"0":"post-4631","1":"product","2":"type-product","3":"status-publish","4":"has-post-thumbnail","6":"product_cat-koik-tooted-en","7":"product_cat-kangad-materjalid-en","8":"product_cat-kangad-en","9":"product_cat-folk-costumes","10":"product_cat-kids","11":"product_cat-materials","12":"product_tag-100-villane-en","13":"product_tag-eesti-parandmuster-en","14":"product_tag-hingav-materjal-en","16":"first","17":"instock","18":"taxable","19":"shipping-taxable","20":"purchasable","21":"product-type-variable"},"acf":[],"_links":{"self":[{"href":"https:\/\/aale.ee\/en\/wp-json\/wp\/v2\/product\/4631","targetHints":{"allow":["GET"]}}],"collection":[{"href":"https:\/\/aale.ee\/en\/wp-json\/wp\/v2\/product"}],"about":[{"href":"https:\/\/aale.ee\/en\/wp-json\/wp\/v2\/types\/product"}],"replies":[{"embeddable":true,"href":"https:\/\/aale.ee\/en\/wp-json\/wp\/v2\/comments?post=4631"}],"wp:featuredmedia":[{"embeddable":true,"href":"https:\/\/aale.ee\/en\/wp-json\/wp\/v2\/media\/4458"}],"wp:attachment":[{"href":"https:\/\/aale.ee\/en\/wp-json\/wp\/v2\/media?parent=4631"}],"wp:term":[{"taxonomy":"product_brand","embeddable":true,"href":"https:\/\/aale.ee\/en\/wp-json\/wp\/v2\/product_brand?post=4631"},{"taxonomy":"product_cat","embeddable":true,"href":"https:\/\/aale.ee\/en\/wp-json\/wp\/v2\/product_cat?post=4631"},{"taxonomy":"product_tag","embeddable":true,"href":"https:\/\/aale.ee\/en\/wp-json\/wp\/v2\/product_tag?post=4631"}],"curies":[{"name":"wp","href":"https:\/\/api.w.org\/{rel}","templated":true}]}}