{"id":4671,"date":"2023-09-25T12:42:43","date_gmt":"2023-09-25T12:42:43","guid":{"rendered":"https:\/\/aale.ee\/?post_type=product&#038;p=4671"},"modified":"2025-11-13T11:45:16","modified_gmt":"2025-11-13T11:45:16","slug":"rahvaroiva-seelikukangas-rakvere","status":"publish","type":"product","link":"https:\/\/aale.ee\/en\/e-pood\/materials\/kangad-materjalid-en\/rahvaroiva-seelikukangas-rakvere\/","title":{"rendered":"Rahvar\u00f5iva seelikukangas Rakvere"},"content":{"rendered":"<p>Rahvar\u00f5iva seelikukanga kupong, Rakvere kihelkond.<\/p>\n<p>Ajalooline eeskuju M. Kasikovi erakogus, valmistatud Kloodil ca 1868.a.<\/p>\n<p>Kootud k\u00e4sitsi kangastelgedel labases koes. Kangas on m\u00f5lemalt poolt \u00fchesugune. Kude 100% villane, l\u00f5im puuvillane.<\/p>\n<p>M\u00f5\u00f5dud: 0,95 x 2,56 m<\/p>\n","protected":false},"excerpt":{"rendered":"<p>Rahvar\u00f5iva seelikukanga kupong, Rakvere kihelkond. Ajalooline eeskuju M. Kasikovi erakogus, valmistatud Kloodil ca 1868.a. Kootud k\u00e4sitsi kangastelgedel labases koes. Kangas&#8230;<\/p>\n","protected":false},"featured_media":4673,"comment_status":"closed","ping_status":"closed","template":"","meta":{"_acf_changed":false,"inline_featured_image":false},"product_brand":[],"product_cat":[336,790,791,339,341],"product_tag":[617,614,619],"class_list":{"0":"post-4671","1":"product","2":"type-product","3":"status-publish","4":"has-post-thumbnail","6":"product_cat-koik-tooted-en","7":"product_cat-kangad-materjalid-en","8":"product_cat-kangad-en","9":"product_cat-folk-costumes","10":"product_cat-materials","11":"product_tag-etnograafiline-muster-en","12":"product_tag-kasitsi-kootud-en","13":"product_tag-naturaalsed-materjalid-en","15":"first","16":"outofstock","17":"taxable","18":"shipping-taxable","19":"purchasable","20":"product-type-simple"},"acf":[],"_links":{"self":[{"href":"https:\/\/aale.ee\/en\/wp-json\/wp\/v2\/product\/4671","targetHints":{"allow":["GET"]}}],"collection":[{"href":"https:\/\/aale.ee\/en\/wp-json\/wp\/v2\/product"}],"about":[{"href":"https:\/\/aale.ee\/en\/wp-json\/wp\/v2\/types\/product"}],"replies":[{"embeddable":true,"href":"https:\/\/aale.ee\/en\/wp-json\/wp\/v2\/comments?post=4671"}],"wp:featuredmedia":[{"embeddable":true,"href":"https:\/\/aale.ee\/en\/wp-json\/wp\/v2\/media\/4673"}],"wp:attachment":[{"href":"https:\/\/aale.ee\/en\/wp-json\/wp\/v2\/media?parent=4671"}],"wp:term":[{"taxonomy":"product_brand","embeddable":true,"href":"https:\/\/aale.ee\/en\/wp-json\/wp\/v2\/product_brand?post=4671"},{"taxonomy":"product_cat","embeddable":true,"href":"https:\/\/aale.ee\/en\/wp-json\/wp\/v2\/product_cat?post=4671"},{"taxonomy":"product_tag","embeddable":true,"href":"https:\/\/aale.ee\/en\/wp-json\/wp\/v2\/product_tag?post=4671"}],"curies":[{"name":"wp","href":"https:\/\/api.w.org\/{rel}","templated":true}]}}