{"id":4715,"date":"2023-09-28T12:55:47","date_gmt":"2023-09-28T12:55:47","guid":{"rendered":"https:\/\/aale.ee\/?post_type=product&#038;p=4715"},"modified":"2025-12-22T11:55:06","modified_gmt":"2025-12-22T11:55:06","slug":"hobedast-korvarongad-v","status":"publish","type":"product","link":"https:\/\/aale.ee\/en\/e-pood\/koik-tooted-en\/hobedast-korvarongad-v\/","title":{"rendered":"H\u00f5bedast k\u00f5rvar\u00f5ngad V"},"content":{"rendered":"<p>H\u00f5bedast k\u00f5rvar\u00f5ngad prooviga 925`<\/p>\n<p>Toetuvad k\u00f5rvalestale, diameetriga 0,8 cm, kaal 1,4 g<\/p>\n","protected":false},"excerpt":{"rendered":"<p>H\u00f5bedast k\u00f5rvar\u00f5ngad prooviga 925` Toetuvad k\u00f5rvalestale, diameetriga 0,8 cm, kaal 1,4 g<\/p>\n","protected":false},"featured_media":4717,"comment_status":"closed","ping_status":"closed","template":"","meta":{"_acf_changed":false,"inline_featured_image":false},"product_brand":[],"product_cat":[336,412,899,900],"product_tag":[617,604],"class_list":{"0":"post-4715","1":"product","2":"type-product","3":"status-publish","4":"has-post-thumbnail","6":"product_cat-koik-tooted-en","7":"product_cat-jewelry","8":"product_cat-korvarongad-ehted","9":"product_cat-korvarongad","10":"product_tag-etnograafiline-muster-en","11":"product_tag-kasitoo-en","13":"first","14":"instock","15":"taxable","16":"shipping-taxable","17":"purchasable","18":"product-type-simple"},"acf":[],"_links":{"self":[{"href":"https:\/\/aale.ee\/en\/wp-json\/wp\/v2\/product\/4715","targetHints":{"allow":["GET"]}}],"collection":[{"href":"https:\/\/aale.ee\/en\/wp-json\/wp\/v2\/product"}],"about":[{"href":"https:\/\/aale.ee\/en\/wp-json\/wp\/v2\/types\/product"}],"replies":[{"embeddable":true,"href":"https:\/\/aale.ee\/en\/wp-json\/wp\/v2\/comments?post=4715"}],"wp:featuredmedia":[{"embeddable":true,"href":"https:\/\/aale.ee\/en\/wp-json\/wp\/v2\/media\/4717"}],"wp:attachment":[{"href":"https:\/\/aale.ee\/en\/wp-json\/wp\/v2\/media?parent=4715"}],"wp:term":[{"taxonomy":"product_brand","embeddable":true,"href":"https:\/\/aale.ee\/en\/wp-json\/wp\/v2\/product_brand?post=4715"},{"taxonomy":"product_cat","embeddable":true,"href":"https:\/\/aale.ee\/en\/wp-json\/wp\/v2\/product_cat?post=4715"},{"taxonomy":"product_tag","embeddable":true,"href":"https:\/\/aale.ee\/en\/wp-json\/wp\/v2\/product_tag?post=4715"}],"curies":[{"name":"wp","href":"https:\/\/api.w.org\/{rel}","templated":true}]}}