{"id":4721,"date":"2023-09-28T13:05:15","date_gmt":"2023-09-28T13:05:15","guid":{"rendered":"https:\/\/aale.ee\/?post_type=product&#038;p=4721"},"modified":"2025-12-20T09:08:09","modified_gmt":"2025-12-20T09:08:09","slug":"hobedast-korvarongad-s","status":"publish","type":"product","link":"https:\/\/aale.ee\/en\/e-pood\/koik-tooted-en\/hobedast-korvarongad-s\/","title":{"rendered":"H\u00f5bedast k\u00f5rvar\u00f5ngad S"},"content":{"rendered":"<p>H\u00f5bedast k\u00f5rvar\u00f5ngad prooviga 925`<\/p>\n<p>Toetuvad k\u00f5rvalestale, diameetriga 1,5 cm<\/p>\n<p>Kaal 3,4 g<\/p>\n","protected":false},"excerpt":{"rendered":"<p>H\u00f5bedast k\u00f5rvar\u00f5ngad prooviga 925` Toetuvad k\u00f5rvalestale, diameetriga 1,5 cm Kaal 3,4 g<\/p>\n","protected":false},"featured_media":4723,"comment_status":"closed","ping_status":"closed","template":"","meta":{"_acf_changed":false,"inline_featured_image":false},"product_brand":[],"product_cat":[336,412,899,900],"product_tag":[617,604],"class_list":{"0":"post-4721","1":"product","2":"type-product","3":"status-publish","4":"has-post-thumbnail","6":"product_cat-koik-tooted-en","7":"product_cat-jewelry","8":"product_cat-korvarongad-ehted","9":"product_cat-korvarongad","10":"product_tag-etnograafiline-muster-en","11":"product_tag-kasitoo-en","13":"first","14":"instock","15":"taxable","16":"shipping-taxable","17":"purchasable","18":"product-type-simple"},"acf":[],"_links":{"self":[{"href":"https:\/\/aale.ee\/en\/wp-json\/wp\/v2\/product\/4721","targetHints":{"allow":["GET"]}}],"collection":[{"href":"https:\/\/aale.ee\/en\/wp-json\/wp\/v2\/product"}],"about":[{"href":"https:\/\/aale.ee\/en\/wp-json\/wp\/v2\/types\/product"}],"replies":[{"embeddable":true,"href":"https:\/\/aale.ee\/en\/wp-json\/wp\/v2\/comments?post=4721"}],"wp:featuredmedia":[{"embeddable":true,"href":"https:\/\/aale.ee\/en\/wp-json\/wp\/v2\/media\/4723"}],"wp:attachment":[{"href":"https:\/\/aale.ee\/en\/wp-json\/wp\/v2\/media?parent=4721"}],"wp:term":[{"taxonomy":"product_brand","embeddable":true,"href":"https:\/\/aale.ee\/en\/wp-json\/wp\/v2\/product_brand?post=4721"},{"taxonomy":"product_cat","embeddable":true,"href":"https:\/\/aale.ee\/en\/wp-json\/wp\/v2\/product_cat?post=4721"},{"taxonomy":"product_tag","embeddable":true,"href":"https:\/\/aale.ee\/en\/wp-json\/wp\/v2\/product_tag?post=4721"}],"curies":[{"name":"wp","href":"https:\/\/api.w.org\/{rel}","templated":true}]}}