{"id":4763,"date":"2023-10-13T09:44:40","date_gmt":"2023-10-13T09:44:40","guid":{"rendered":"https:\/\/aale.ee\/?post_type=product&#038;p=4763"},"modified":"2026-01-06T11:24:09","modified_gmt":"2026-01-06T11:24:09","slug":"labakud-lepatriinu","status":"publish","type":"product","link":"https:\/\/aale.ee\/en\/e-pood\/lapsed\/labakud-lepatriinu\/","title":{"rendered":"Labakud Lepatriinu"},"content":{"rendered":"<p>Kindad on kahekordsed, 100% villased, masinal kootud ja vanutatud. K\u00e4sitsi tikitud.<\/p>\n<p>V\u00e4rvus: naturaalne valge v\u00f5i hall, tikand punane ja must.<\/p>\n<p>Kindad kahes suuruses &#8211; pikkusega 17 ja 18 cm.<\/p>\n<p>Pesta v\u00f5ib masinas villa programmiga.<\/p>\n","protected":false},"excerpt":{"rendered":"<p>Kindad on kahekordsed, 100% villased, masinal kootud ja vanutatud. K\u00e4sitsi tikitud. V\u00e4rvus: naturaalne valge v\u00f5i hall, tikand punane ja must&#8230;.<\/p>\n","protected":false},"featured_media":4764,"comment_status":"closed","ping_status":"closed","template":"","meta":{"_acf_changed":false,"inline_featured_image":false},"product_brand":[],"product_cat":[35,32,718],"product_tag":[290,624,627],"class_list":{"0":"post-4763","1":"product","2":"type-product","3":"status-publish","4":"has-post-thumbnail","6":"product_cat-lapsed","7":"product_cat-koik-tooted","8":"product_cat-kudumid","9":"product_tag-100-villane","10":"product_tag-kasitsi-tikitud","11":"product_tag-soojad-ja-pehmed","12":"pa_suurus-17cm","13":"pa_suurus-18cm","14":"pa_varv-hall","15":"pa_varv-valge","17":"first","18":"instock","19":"taxable","20":"shipping-taxable","21":"purchasable","22":"product-type-variable"},"acf":[],"_links":{"self":[{"href":"https:\/\/aale.ee\/en\/wp-json\/wp\/v2\/product\/4763","targetHints":{"allow":["GET"]}}],"collection":[{"href":"https:\/\/aale.ee\/en\/wp-json\/wp\/v2\/product"}],"about":[{"href":"https:\/\/aale.ee\/en\/wp-json\/wp\/v2\/types\/product"}],"replies":[{"embeddable":true,"href":"https:\/\/aale.ee\/en\/wp-json\/wp\/v2\/comments?post=4763"}],"wp:featuredmedia":[{"embeddable":true,"href":"https:\/\/aale.ee\/en\/wp-json\/wp\/v2\/media\/4764"}],"wp:attachment":[{"href":"https:\/\/aale.ee\/en\/wp-json\/wp\/v2\/media?parent=4763"}],"wp:term":[{"taxonomy":"product_brand","embeddable":true,"href":"https:\/\/aale.ee\/en\/wp-json\/wp\/v2\/product_brand?post=4763"},{"taxonomy":"product_cat","embeddable":true,"href":"https:\/\/aale.ee\/en\/wp-json\/wp\/v2\/product_cat?post=4763"},{"taxonomy":"product_tag","embeddable":true,"href":"https:\/\/aale.ee\/en\/wp-json\/wp\/v2\/product_tag?post=4763"}],"curies":[{"name":"wp","href":"https:\/\/api.w.org\/{rel}","templated":true}]}}