{"id":4794,"date":"2023-10-13T11:57:11","date_gmt":"2023-10-13T11:57:11","guid":{"rendered":"https:\/\/aale.ee\/?post_type=product&#038;p=4794"},"modified":"2025-12-04T15:37:58","modified_gmt":"2025-12-04T15:37:58","slug":"kasitsi-kootud-tikandiga-sormikud","status":"publish","type":"product","link":"https:\/\/aale.ee\/en\/e-pood\/naiste-kudumid\/kasitsi-kootud-tikandiga-sormikud\/","title":{"rendered":"K\u00e4sitsi kootud tikandiga s\u00f5rmikud"},"content":{"rendered":"<p>100% villased ja k\u00e4sitsi kootud s\u00f5rmkinnastel on kaunis mitmev\u00e4rviline lilltikand.<\/p>\n<p>P\u00f6ial kootud kiiluga.<\/p>\n<p>Kindad kolme p\u00f5hjav\u00e4rviga: tumesinine, naturaalne hall ja valge.<\/p>\n","protected":false},"excerpt":{"rendered":"<p>100% villased ja k\u00e4sitsi kootud s\u00f5rmkinnastel on kaunis mitmev\u00e4rviline lilltikand. P\u00f6ial kootud kiiluga. Kindad kolme p\u00f5hjav\u00e4rviga: tumesinine, naturaalne hall ja&#8230;<\/p>\n","protected":false},"featured_media":4800,"comment_status":"closed","ping_status":"closed","template":"","meta":{"_acf_changed":false,"inline_featured_image":false},"product_brand":[],"product_cat":[26,295,32],"product_tag":[290,728,624,618],"class_list":{"0":"post-4794","1":"product","2":"type-product","3":"status-publish","4":"has-post-thumbnail","6":"product_cat-naiste-kudumid","7":"product_cat-kindad","8":"product_cat-koik-tooted","9":"product_tag-100-villane","10":"product_tag-elegantsed","11":"product_tag-kasitsi-tikitud","12":"product_tag-naturaalsed-materjalid","13":"pa_varv-hall","14":"pa_varv-tumesinine","15":"pa_varv-valge","17":"first","18":"instock","19":"taxable","20":"shipping-taxable","21":"purchasable","22":"product-type-variable"},"acf":[],"_links":{"self":[{"href":"https:\/\/aale.ee\/en\/wp-json\/wp\/v2\/product\/4794","targetHints":{"allow":["GET"]}}],"collection":[{"href":"https:\/\/aale.ee\/en\/wp-json\/wp\/v2\/product"}],"about":[{"href":"https:\/\/aale.ee\/en\/wp-json\/wp\/v2\/types\/product"}],"replies":[{"embeddable":true,"href":"https:\/\/aale.ee\/en\/wp-json\/wp\/v2\/comments?post=4794"}],"wp:featuredmedia":[{"embeddable":true,"href":"https:\/\/aale.ee\/en\/wp-json\/wp\/v2\/media\/4800"}],"wp:attachment":[{"href":"https:\/\/aale.ee\/en\/wp-json\/wp\/v2\/media?parent=4794"}],"wp:term":[{"taxonomy":"product_brand","embeddable":true,"href":"https:\/\/aale.ee\/en\/wp-json\/wp\/v2\/product_brand?post=4794"},{"taxonomy":"product_cat","embeddable":true,"href":"https:\/\/aale.ee\/en\/wp-json\/wp\/v2\/product_cat?post=4794"},{"taxonomy":"product_tag","embeddable":true,"href":"https:\/\/aale.ee\/en\/wp-json\/wp\/v2\/product_tag?post=4794"}],"curies":[{"name":"wp","href":"https:\/\/api.w.org\/{rel}","templated":true}]}}