{"id":4892,"date":"2023-11-03T11:56:45","date_gmt":"2023-11-03T11:56:45","guid":{"rendered":"https:\/\/aale.ee\/?post_type=product&#038;p=4892"},"modified":"2023-11-03T12:05:31","modified_gmt":"2023-11-03T12:05:31","slug":"rahvaroiva-seelikukangas-kadrina","status":"publish","type":"product","link":"https:\/\/aale.ee\/en\/e-pood\/rahvaroivad\/rahvaroiva-seelikukangas-kadrina\/","title":{"rendered":"Rahvar\u00f5iva seelikukangas Kadrina"},"content":{"rendered":"<p>Rahvar\u00f5iva seelikukanga kupong m\u00f5\u00f5tudega 0,97 x 1,31 m<\/p>\n<p>Kootud k\u00e4sitelgedel labases koes, l\u00f5im puuvillane, kude villane. Kangas on m\u00f5lemalt poolt \u00fchesugune.<\/p>\n<p>Ajalooline eeskuju: ERM 16428, valmistajaks J\u00fcri Veper Palmse m\u00f5isas ca 1839. aastal.<\/p>\n","protected":false},"excerpt":{"rendered":"<p>Rahvar\u00f5iva seelikukanga kupong m\u00f5\u00f5tudega 0,97 x 1,31 m Kootud k\u00e4sitelgedel labases koes, l\u00f5im puuvillane, kude villane. Kangas on m\u00f5lemalt poolt&#8230;<\/p>\n","protected":false},"featured_media":4897,"comment_status":"closed","ping_status":"closed","template":"","meta":{"_acf_changed":false,"inline_featured_image":false},"product_brand":[],"product_cat":[33,331,658,32,37],"product_tag":[615,618],"class_list":{"0":"post-4892","1":"product","2":"type-product","3":"status-publish","4":"has-post-thumbnail","6":"product_cat-rahvaroivad","7":"product_cat-kangad","8":"product_cat-kangad-materjalid","9":"product_cat-koik-tooted","10":"product_cat-materjalid","11":"product_tag-eesti-parandmuster","12":"product_tag-naturaalsed-materjalid","14":"first","15":"instock","16":"taxable","17":"shipping-taxable","18":"purchasable","19":"product-type-simple"},"acf":[],"_links":{"self":[{"href":"https:\/\/aale.ee\/en\/wp-json\/wp\/v2\/product\/4892","targetHints":{"allow":["GET"]}}],"collection":[{"href":"https:\/\/aale.ee\/en\/wp-json\/wp\/v2\/product"}],"about":[{"href":"https:\/\/aale.ee\/en\/wp-json\/wp\/v2\/types\/product"}],"replies":[{"embeddable":true,"href":"https:\/\/aale.ee\/en\/wp-json\/wp\/v2\/comments?post=4892"}],"wp:featuredmedia":[{"embeddable":true,"href":"https:\/\/aale.ee\/en\/wp-json\/wp\/v2\/media\/4897"}],"wp:attachment":[{"href":"https:\/\/aale.ee\/en\/wp-json\/wp\/v2\/media?parent=4892"}],"wp:term":[{"taxonomy":"product_brand","embeddable":true,"href":"https:\/\/aale.ee\/en\/wp-json\/wp\/v2\/product_brand?post=4892"},{"taxonomy":"product_cat","embeddable":true,"href":"https:\/\/aale.ee\/en\/wp-json\/wp\/v2\/product_cat?post=4892"},{"taxonomy":"product_tag","embeddable":true,"href":"https:\/\/aale.ee\/en\/wp-json\/wp\/v2\/product_tag?post=4892"}],"curies":[{"name":"wp","href":"https:\/\/api.w.org\/{rel}","templated":true}]}}