{"id":5006,"date":"2023-11-20T12:33:00","date_gmt":"2023-11-20T12:33:00","guid":{"rendered":"https:\/\/aale.ee\/?post_type=product&#038;p=5006"},"modified":"2025-11-27T13:24:57","modified_gmt":"2025-11-27T13:24:57","slug":"labakindad-kadrina","status":"publish","type":"product","link":"https:\/\/aale.ee\/en\/e-pood\/mens-knitwear\/mens-gloves\/labakindad-kadrina\/","title":{"rendered":"Labakindad Kadrina"},"content":{"rendered":"<p>100 % villane v\u00e4lispind, kootud masinal. Kinnastel voodriks pehme ja h\u00e4sti soe karvane fliis, mis annab v\u00f5imaluse kanda villaseid kindaid ka villa vastu allergilistel.<\/p>\n<p>Kui \u00f5ues paugub pakane, siis need paksud ja pehmed kindad hoiavad n\u00e4pud soojas.<\/p>\n<p>V\u00e4rvus: tumesinine ja naturaalne hall v\u00f5i hele ja tume naturaalne hall. Kaunistuseks tumepunased triibud.<\/p>\n<p>Kindad sobivad h\u00e4sti kokku Kadrina dzempri, pika jaki ja m\u00fctsidega.<\/p>\n<p>&nbsp;<\/p>\n","protected":false},"excerpt":{"rendered":"<p>100 % villane v\u00e4lispind, kootud masinal. Kinnastel voodriks pehme ja h\u00e4sti soe karvane fliis, mis annab v\u00f5imaluse kanda villaseid kindaid&#8230;<\/p>\n","protected":false},"featured_media":5374,"comment_status":"closed","ping_status":"closed","template":"","meta":{"_acf_changed":false,"inline_featured_image":false},"product_brand":[],"product_cat":[336,441,338,436,337],"product_tag":[620,440,628],"class_list":{"0":"post-5006","1":"product","2":"type-product","3":"status-publish","4":"has-post-thumbnail","6":"product_cat-koik-tooted-en","7":"product_cat-mens-gloves","8":"product_cat-kindad-en","9":"product_cat-mens-knitwear","10":"product_cat-womens-knitwear-womens-knitwear","11":"product_tag-eesti-parandmuster-en","12":"product_tag-hingav-materjal-en","13":"product_tag-soojad-ja-pehmed-en","14":"pa_suurus-l-en","15":"pa_suurus-m-en","16":"pa_suurus-s-en","17":"pa_suurus-xl-en","18":"pa_suurus-xxl-en","19":"pa_varv-tumehall-hall-en","20":"pa_varv-tumesinine-hall-en","22":"first","23":"instock","24":"taxable","25":"shipping-taxable","26":"purchasable","27":"product-type-variable"},"acf":[],"_links":{"self":[{"href":"https:\/\/aale.ee\/en\/wp-json\/wp\/v2\/product\/5006","targetHints":{"allow":["GET"]}}],"collection":[{"href":"https:\/\/aale.ee\/en\/wp-json\/wp\/v2\/product"}],"about":[{"href":"https:\/\/aale.ee\/en\/wp-json\/wp\/v2\/types\/product"}],"replies":[{"embeddable":true,"href":"https:\/\/aale.ee\/en\/wp-json\/wp\/v2\/comments?post=5006"}],"wp:featuredmedia":[{"embeddable":true,"href":"https:\/\/aale.ee\/en\/wp-json\/wp\/v2\/media\/5374"}],"wp:attachment":[{"href":"https:\/\/aale.ee\/en\/wp-json\/wp\/v2\/media?parent=5006"}],"wp:term":[{"taxonomy":"product_brand","embeddable":true,"href":"https:\/\/aale.ee\/en\/wp-json\/wp\/v2\/product_brand?post=5006"},{"taxonomy":"product_cat","embeddable":true,"href":"https:\/\/aale.ee\/en\/wp-json\/wp\/v2\/product_cat?post=5006"},{"taxonomy":"product_tag","embeddable":true,"href":"https:\/\/aale.ee\/en\/wp-json\/wp\/v2\/product_tag?post=5006"}],"curies":[{"name":"wp","href":"https:\/\/api.w.org\/{rel}","templated":true}]}}