{"id":5092,"date":"2023-12-01T12:05:48","date_gmt":"2023-12-01T12:05:48","guid":{"rendered":"https:\/\/aale.ee\/?post_type=product&#038;p=5092"},"modified":"2026-01-06T07:44:43","modified_gmt":"2026-01-06T07:44:43","slug":"labakindad-2","status":"publish","type":"product","link":"https:\/\/aale.ee\/en\/e-pood\/mens-knitwear\/mens-gloves\/labakindad-2\/","title":{"rendered":"Labakindad"},"content":{"rendered":"<p>100% vill, k\u00e4sitsi kootud.<\/p>\n<p>V\u00e4rvus: tumesinisel v\u00f5i mustal p\u00f5hjal ornament naturaalse halliga.<\/p>\n<p>M\u00f5\u00f5dud: kinda laius 11 cm, pikkus 28 cm<\/p>\n","protected":false},"excerpt":{"rendered":"<p>100% vill, k\u00e4sitsi kootud. V\u00e4rvus: tumesinisel v\u00f5i mustal p\u00f5hjal ornament naturaalse halliga. M\u00f5\u00f5dud: kinda laius 11 cm, pikkus 28 cm<\/p>\n","protected":false},"featured_media":5098,"comment_status":"closed","ping_status":"closed","template":"","meta":{"_acf_changed":false,"inline_featured_image":false},"product_brand":[],"product_cat":[336,441,436],"product_tag":[438,439,614],"class_list":{"0":"post-5092","1":"product","2":"type-product","3":"status-publish","4":"has-post-thumbnail","6":"product_cat-koik-tooted-en","7":"product_cat-mens-gloves","8":"product_cat-mens-knitwear","9":"product_tag-100-villane-en","10":"product_tag-eesti-muster-en","11":"product_tag-kasitsi-kootud-en","12":"pa_varv-must-en","13":"pa_varv-tumesinine-en","15":"first","16":"instock","17":"taxable","18":"shipping-taxable","19":"purchasable","20":"product-type-variable"},"acf":[],"_links":{"self":[{"href":"https:\/\/aale.ee\/en\/wp-json\/wp\/v2\/product\/5092","targetHints":{"allow":["GET"]}}],"collection":[{"href":"https:\/\/aale.ee\/en\/wp-json\/wp\/v2\/product"}],"about":[{"href":"https:\/\/aale.ee\/en\/wp-json\/wp\/v2\/types\/product"}],"replies":[{"embeddable":true,"href":"https:\/\/aale.ee\/en\/wp-json\/wp\/v2\/comments?post=5092"}],"wp:featuredmedia":[{"embeddable":true,"href":"https:\/\/aale.ee\/en\/wp-json\/wp\/v2\/media\/5098"}],"wp:attachment":[{"href":"https:\/\/aale.ee\/en\/wp-json\/wp\/v2\/media?parent=5092"}],"wp:term":[{"taxonomy":"product_brand","embeddable":true,"href":"https:\/\/aale.ee\/en\/wp-json\/wp\/v2\/product_brand?post=5092"},{"taxonomy":"product_cat","embeddable":true,"href":"https:\/\/aale.ee\/en\/wp-json\/wp\/v2\/product_cat?post=5092"},{"taxonomy":"product_tag","embeddable":true,"href":"https:\/\/aale.ee\/en\/wp-json\/wp\/v2\/product_tag?post=5092"}],"curies":[{"name":"wp","href":"https:\/\/api.w.org\/{rel}","templated":true}]}}