{"id":5123,"date":"2023-12-01T13:03:58","date_gmt":"2023-12-01T13:03:58","guid":{"rendered":"https:\/\/aale.ee\/?post_type=product&#038;p=5123"},"modified":"2023-12-01T13:07:42","modified_gmt":"2023-12-01T13:07:42","slug":"sokid-tapi-5","status":"publish","type":"product","link":"https:\/\/aale.ee\/en\/e-pood\/mens-knitwear\/mens-socks\/sokid-tapi-5\/","title":{"rendered":"Sokid T\u00e4pi"},"content":{"rendered":"<p>Materjal: 100% villased, k\u00e4sitsi kootud, soojad.<br \/>\nM\u00f5\u00f5dud:<br \/>\nJala suurusele 45 &#8211; 46, jalalaba 29-30 cm, s\u00e4\u00e4r 35 &#8211; 37 cm<\/p>\n","protected":false},"excerpt":{"rendered":"<p>Materjal: 100% villased, k\u00e4sitsi kootud, soojad. M\u00f5\u00f5dud: Jala suurusele 45 &#8211; 46, jalalaba 29-30 cm, s\u00e4\u00e4r 35 &#8211; 37 cm<\/p>\n","protected":false},"featured_media":5128,"comment_status":"closed","ping_status":"closed","template":"","meta":{"_acf_changed":false,"inline_featured_image":false},"product_brand":[],"product_cat":[336,436,442],"product_tag":[613,440,614],"class_list":{"0":"post-5123","1":"product","2":"type-product","3":"status-publish","4":"has-post-thumbnail","6":"product_cat-koik-tooted-en","7":"product_cat-mens-knitwear","8":"product_cat-mens-socks","9":"product_tag-00-villane-en","10":"product_tag-hingav-materjal-en","11":"product_tag-kasitsi-kootud-en","13":"first","14":"instock","15":"taxable","16":"shipping-taxable","17":"purchasable","18":"product-type-simple"},"acf":[],"_links":{"self":[{"href":"https:\/\/aale.ee\/en\/wp-json\/wp\/v2\/product\/5123","targetHints":{"allow":["GET"]}}],"collection":[{"href":"https:\/\/aale.ee\/en\/wp-json\/wp\/v2\/product"}],"about":[{"href":"https:\/\/aale.ee\/en\/wp-json\/wp\/v2\/types\/product"}],"replies":[{"embeddable":true,"href":"https:\/\/aale.ee\/en\/wp-json\/wp\/v2\/comments?post=5123"}],"wp:featuredmedia":[{"embeddable":true,"href":"https:\/\/aale.ee\/en\/wp-json\/wp\/v2\/media\/5128"}],"wp:attachment":[{"href":"https:\/\/aale.ee\/en\/wp-json\/wp\/v2\/media?parent=5123"}],"wp:term":[{"taxonomy":"product_brand","embeddable":true,"href":"https:\/\/aale.ee\/en\/wp-json\/wp\/v2\/product_brand?post=5123"},{"taxonomy":"product_cat","embeddable":true,"href":"https:\/\/aale.ee\/en\/wp-json\/wp\/v2\/product_cat?post=5123"},{"taxonomy":"product_tag","embeddable":true,"href":"https:\/\/aale.ee\/en\/wp-json\/wp\/v2\/product_tag?post=5123"}],"curies":[{"name":"wp","href":"https:\/\/api.w.org\/{rel}","templated":true}]}}