{"id":5186,"date":"2023-12-05T12:28:34","date_gmt":"2023-12-05T12:28:34","guid":{"rendered":"https:\/\/aale.ee\/?post_type=product&#038;p=5186"},"modified":"2026-02-02T08:09:36","modified_gmt":"2026-02-02T08:09:36","slug":"sokid-tapi-7","status":"publish","type":"product","link":"https:\/\/aale.ee\/en\/e-pood\/womens-knitwear-womens-knitwear\/socks\/sokid-tapi-7\/","title":{"rendered":"Sokid T\u00e4pi"},"content":{"rendered":"<p>Materjal: 100% villane, k\u00e4sitsi kootud.<\/p>\n<p>V\u00e4rvus: naturaalne hall, tumepunane, sinine.<\/p>\n<p>M\u00f5\u00f5dud:<br \/>\nM: jala suurusele 36 &#8211; 38, jalalaba 23 cm, s\u00e4\u00e4r 31 &#8211; 32 cm<br \/>\nL: jala suurusele 39 &#8211; 40, jalalaba 24,5 cm, s\u00e4\u00e4r 31 &#8211; 33 cm<\/p>\n","protected":false},"excerpt":{"rendered":"<p>Materjal: 100% villane, k\u00e4sitsi kootud. V\u00e4rvus: naturaalne hall, tumepunane, sinine. M\u00f5\u00f5dud: M: jala suurusele 36 &#8211; 38, jalalaba 23 cm,&#8230;<\/p>\n","protected":false},"featured_media":5190,"comment_status":"closed","ping_status":"closed","template":"","meta":{"_acf_changed":false,"inline_featured_image":false},"product_brand":[],"product_cat":[336,425,337],"product_tag":[],"class_list":{"0":"post-5186","1":"product","2":"type-product","3":"status-publish","4":"has-post-thumbnail","6":"product_cat-koik-tooted-en","7":"product_cat-socks","8":"product_cat-womens-knitwear-womens-knitwear","9":"pa_suurus-l-en","10":"pa_suurus-m-en","12":"first","13":"instock","14":"taxable","15":"shipping-taxable","16":"purchasable","17":"product-type-variable"},"acf":[],"_links":{"self":[{"href":"https:\/\/aale.ee\/en\/wp-json\/wp\/v2\/product\/5186","targetHints":{"allow":["GET"]}}],"collection":[{"href":"https:\/\/aale.ee\/en\/wp-json\/wp\/v2\/product"}],"about":[{"href":"https:\/\/aale.ee\/en\/wp-json\/wp\/v2\/types\/product"}],"replies":[{"embeddable":true,"href":"https:\/\/aale.ee\/en\/wp-json\/wp\/v2\/comments?post=5186"}],"wp:featuredmedia":[{"embeddable":true,"href":"https:\/\/aale.ee\/en\/wp-json\/wp\/v2\/media\/5190"}],"wp:attachment":[{"href":"https:\/\/aale.ee\/en\/wp-json\/wp\/v2\/media?parent=5186"}],"wp:term":[{"taxonomy":"product_brand","embeddable":true,"href":"https:\/\/aale.ee\/en\/wp-json\/wp\/v2\/product_brand?post=5186"},{"taxonomy":"product_cat","embeddable":true,"href":"https:\/\/aale.ee\/en\/wp-json\/wp\/v2\/product_cat?post=5186"},{"taxonomy":"product_tag","embeddable":true,"href":"https:\/\/aale.ee\/en\/wp-json\/wp\/v2\/product_tag?post=5186"}],"curies":[{"name":"wp","href":"https:\/\/api.w.org\/{rel}","templated":true}]}}