{"id":5206,"date":"2023-12-05T13:01:00","date_gmt":"2023-12-05T13:01:00","guid":{"rendered":"https:\/\/aale.ee\/?post_type=product&#038;p=5206"},"modified":"2026-02-20T11:38:58","modified_gmt":"2026-02-20T11:38:58","slug":"poll-2","status":"publish","type":"product","link":"https:\/\/aale.ee\/en\/e-pood\/rahvaroivad\/poll-2\/","title":{"rendered":"P\u00f5ll"},"content":{"rendered":"<p>\u00d5hk\u00f5rnast puuvillasest, v\u00e4ikese lillelise mustriga kangast p\u00f5ll rahvar\u00f5ivastega kandmiseks.<\/p>\n<p>P\u00f5lle laius 69 cm, pikkus 73 cm<\/p>\n<p>Valmistame p\u00f5llesid ka tellimusel. Kirjutage meile oma soovist.<\/p>\n","protected":false},"excerpt":{"rendered":"<p>\u00d5hk\u00f5rnast puuvillasest, v\u00e4ikese lillelise mustriga kangast p\u00f5ll rahvar\u00f5ivastega kandmiseks. P\u00f5lle laius 69 cm, pikkus 73 cm Valmistame p\u00f5llesid ka tellimusel&#8230;.<\/p>\n","protected":false},"featured_media":7540,"comment_status":"closed","ping_status":"closed","template":"","meta":{"_acf_changed":false,"inline_featured_image":false},"product_brand":[],"product_cat":[33,32,322],"product_tag":[288,618],"class_list":{"0":"post-5206","1":"product","2":"type-product","3":"status-publish","4":"has-post-thumbnail","6":"product_cat-rahvaroivad","7":"product_cat-koik-tooted","8":"product_cat-valmisroivad","9":"product_tag-kasitoo","10":"product_tag-naturaalsed-materjalid","12":"first","13":"outofstock","14":"taxable","15":"shipping-taxable","16":"purchasable","17":"product-type-simple"},"acf":[],"_links":{"self":[{"href":"https:\/\/aale.ee\/en\/wp-json\/wp\/v2\/product\/5206","targetHints":{"allow":["GET"]}}],"collection":[{"href":"https:\/\/aale.ee\/en\/wp-json\/wp\/v2\/product"}],"about":[{"href":"https:\/\/aale.ee\/en\/wp-json\/wp\/v2\/types\/product"}],"replies":[{"embeddable":true,"href":"https:\/\/aale.ee\/en\/wp-json\/wp\/v2\/comments?post=5206"}],"wp:featuredmedia":[{"embeddable":true,"href":"https:\/\/aale.ee\/en\/wp-json\/wp\/v2\/media\/7540"}],"wp:attachment":[{"href":"https:\/\/aale.ee\/en\/wp-json\/wp\/v2\/media?parent=5206"}],"wp:term":[{"taxonomy":"product_brand","embeddable":true,"href":"https:\/\/aale.ee\/en\/wp-json\/wp\/v2\/product_brand?post=5206"},{"taxonomy":"product_cat","embeddable":true,"href":"https:\/\/aale.ee\/en\/wp-json\/wp\/v2\/product_cat?post=5206"},{"taxonomy":"product_tag","embeddable":true,"href":"https:\/\/aale.ee\/en\/wp-json\/wp\/v2\/product_tag?post=5206"}],"curies":[{"name":"wp","href":"https:\/\/api.w.org\/{rel}","templated":true}]}}