{"id":5209,"date":"2023-12-05T13:32:51","date_gmt":"2023-12-05T13:32:51","guid":{"rendered":"https:\/\/aale.ee\/?post_type=product&#038;p=5209"},"modified":"2025-01-31T17:34:24","modified_gmt":"2025-01-31T17:34:24","slug":"hobedast-korvarongad-solg","status":"publish","type":"product","link":"https:\/\/aale.ee\/en\/e-pood\/rahvaroivad\/hobedast-korvarongad-solg\/","title":{"rendered":"H\u00f5bedast k\u00f5rvar\u00f5ngad S\u00f5lg"},"content":{"rendered":"<p>S\u00f5lekujulised k\u00f5rvar\u00f5ngad on valmistatud h\u00f5bedast.<\/p>\n<p>S\u00f5le diameeter 1,6 cm<\/p>\n","protected":false},"excerpt":{"rendered":"<p>S\u00f5lekujulised k\u00f5rvar\u00f5ngad on valmistatud h\u00f5bedast. S\u00f5le diameeter 1,6 cm<\/p>\n","protected":false},"featured_media":5210,"comment_status":"closed","ping_status":"closed","template":"","meta":{"_acf_changed":false,"inline_featured_image":false},"product_brand":[],"product_cat":[33,31,328,32,862,863],"product_tag":[292,616,288],"class_list":{"0":"post-5209","1":"product","2":"type-product","3":"status-publish","4":"has-post-thumbnail","6":"product_cat-rahvaroivad","7":"product_cat-ehted","8":"product_cat-ehted-2","9":"product_cat-koik-tooted","10":"product_cat-korvarongad","11":"product_cat-korvarongad-ehted","12":"product_tag-ainulaadne","13":"product_tag-etnograafiline-muster","14":"product_tag-kasitoo","16":"first","17":"instock","18":"taxable","19":"shipping-taxable","20":"purchasable","21":"product-type-simple"},"acf":[],"_links":{"self":[{"href":"https:\/\/aale.ee\/en\/wp-json\/wp\/v2\/product\/5209","targetHints":{"allow":["GET"]}}],"collection":[{"href":"https:\/\/aale.ee\/en\/wp-json\/wp\/v2\/product"}],"about":[{"href":"https:\/\/aale.ee\/en\/wp-json\/wp\/v2\/types\/product"}],"replies":[{"embeddable":true,"href":"https:\/\/aale.ee\/en\/wp-json\/wp\/v2\/comments?post=5209"}],"wp:featuredmedia":[{"embeddable":true,"href":"https:\/\/aale.ee\/en\/wp-json\/wp\/v2\/media\/5210"}],"wp:attachment":[{"href":"https:\/\/aale.ee\/en\/wp-json\/wp\/v2\/media?parent=5209"}],"wp:term":[{"taxonomy":"product_brand","embeddable":true,"href":"https:\/\/aale.ee\/en\/wp-json\/wp\/v2\/product_brand?post=5209"},{"taxonomy":"product_cat","embeddable":true,"href":"https:\/\/aale.ee\/en\/wp-json\/wp\/v2\/product_cat?post=5209"},{"taxonomy":"product_tag","embeddable":true,"href":"https:\/\/aale.ee\/en\/wp-json\/wp\/v2\/product_tag?post=5209"}],"curies":[{"name":"wp","href":"https:\/\/api.w.org\/{rel}","templated":true}]}}