{"id":5505,"date":"2024-01-29T13:49:54","date_gmt":"2024-01-29T13:49:54","guid":{"rendered":"https:\/\/aale.ee\/?post_type=product&#038;p=5505"},"modified":"2026-03-26T08:02:58","modified_gmt":"2026-03-26T08:02:58","slug":"rahvaroiva-seelikukangas-vaike-maarja-2","status":"publish","type":"product","link":"https:\/\/aale.ee\/en\/e-pood\/rahvaroivad\/rahvaroiva-seelikukangas-vaike-maarja-2\/","title":{"rendered":"Rahvar\u00f5iva seelikukangas V\u00e4ike-Maarja"},"content":{"rendered":"<p>Rahvar\u00f5iva seelikukanga kupong m\u00f5\u00f5tudega 1,50 x 2,51 m<\/p>\n<p>Kootud masintelgedel labases koes. Kangas on m\u00f5lemalt poolt \u00fchesugune. Kupongist saab \u00f5mmelda rahvar\u00f5iva seeliku t\u00e4iskasvanule ja lapsele.<\/p>\n<p>Ajalooline eeskuju: ERM A 509:5600, valmistanud ca 1803. aastal.<\/p>\n","protected":false},"excerpt":{"rendered":"<p>Rahvar\u00f5iva seelikukanga kupong m\u00f5\u00f5tudega 1,50 x 2,51 m Kootud masintelgedel labases koes. Kangas on m\u00f5lemalt poolt \u00fchesugune. Kupongist saab \u00f5mmelda&#8230;<\/p>\n","protected":false},"featured_media":5506,"comment_status":"closed","ping_status":"closed","template":"","meta":{"_acf_changed":false,"inline_featured_image":false},"product_brand":[],"product_cat":[33,658,331,32,37],"product_tag":[615,618],"class_list":{"0":"post-5505","1":"product","2":"type-product","3":"status-publish","4":"has-post-thumbnail","6":"product_cat-rahvaroivad","7":"product_cat-kangad-materjalid","8":"product_cat-kangad","9":"product_cat-koik-tooted","10":"product_cat-materjalid","11":"product_tag-eesti-parandmuster","12":"product_tag-naturaalsed-materjalid","14":"first","15":"outofstock","16":"taxable","17":"shipping-taxable","18":"purchasable","19":"product-type-simple"},"acf":[],"_links":{"self":[{"href":"https:\/\/aale.ee\/en\/wp-json\/wp\/v2\/product\/5505","targetHints":{"allow":["GET"]}}],"collection":[{"href":"https:\/\/aale.ee\/en\/wp-json\/wp\/v2\/product"}],"about":[{"href":"https:\/\/aale.ee\/en\/wp-json\/wp\/v2\/types\/product"}],"replies":[{"embeddable":true,"href":"https:\/\/aale.ee\/en\/wp-json\/wp\/v2\/comments?post=5505"}],"wp:featuredmedia":[{"embeddable":true,"href":"https:\/\/aale.ee\/en\/wp-json\/wp\/v2\/media\/5506"}],"wp:attachment":[{"href":"https:\/\/aale.ee\/en\/wp-json\/wp\/v2\/media?parent=5505"}],"wp:term":[{"taxonomy":"product_brand","embeddable":true,"href":"https:\/\/aale.ee\/en\/wp-json\/wp\/v2\/product_brand?post=5505"},{"taxonomy":"product_cat","embeddable":true,"href":"https:\/\/aale.ee\/en\/wp-json\/wp\/v2\/product_cat?post=5505"},{"taxonomy":"product_tag","embeddable":true,"href":"https:\/\/aale.ee\/en\/wp-json\/wp\/v2\/product_tag?post=5505"}],"curies":[{"name":"wp","href":"https:\/\/api.w.org\/{rel}","templated":true}]}}