{"id":5545,"date":"2024-02-20T08:02:14","date_gmt":"2024-02-20T08:02:14","guid":{"rendered":"https:\/\/aale.ee\/?post_type=product&#038;p=5545"},"modified":"2024-02-20T08:19:59","modified_gmt":"2024-02-20T08:19:59","slug":"suurratik-kadrina","status":"publish","type":"product","link":"https:\/\/aale.ee\/en\/e-pood\/naiste-kudumid\/suurratik-kadrina\/","title":{"rendered":"Suurr\u00e4tik Kadrina"},"content":{"rendered":"<p>100 % villane. Toimselt kootud villane suurr\u00e4tik on m\u00f5\u00f5tudega 150 x 150 cm. R\u00e4tikut \u00e4\u00e4ristavad 9 cm pikkused narmad.<\/p>\n<p>Ajalooline eeskuju ERM 16311 Kadrina kihelkond, valmistajaks Anna Meikar Palmse vallas V\u00f5hma k\u00fclas ca 1814-1834. a.<\/p>\n<p>19. sajandil kanti valdavalt kolmnurkselt kokku murtuna ruudukujulisi narmas\u00e4\u00e4ristusega suurr\u00e4tte.<\/p>\n<p>&nbsp;<\/p>\n","protected":false},"excerpt":{"rendered":"<p>100 % villane. Toimselt kootud villane suurr\u00e4tik on m\u00f5\u00f5tudega 150 x 150 cm. R\u00e4tikut \u00e4\u00e4ristavad 9 cm pikkused narmad. Ajalooline&#8230;<\/p>\n","protected":false},"featured_media":5546,"comment_status":"closed","ping_status":"closed","template":"","meta":{"_acf_changed":false,"inline_featured_image":false},"product_brand":[],"product_cat":[26,34,33,304,322],"product_tag":[290,288,649],"class_list":{"0":"post-5545","1":"product","2":"type-product","3":"status-publish","4":"has-post-thumbnail","6":"product_cat-naiste-kudumid","7":"product_cat-kodusisustus","8":"product_cat-rahvaroivad","9":"product_cat-sallid-ja-olakatted","10":"product_cat-valmisroivad","11":"product_tag-100-villane","12":"product_tag-kasitoo","13":"product_tag-soe-ja-pehme","15":"first","16":"instock","17":"taxable","18":"shipping-taxable","19":"purchasable","20":"product-type-simple"},"acf":[],"_links":{"self":[{"href":"https:\/\/aale.ee\/en\/wp-json\/wp\/v2\/product\/5545","targetHints":{"allow":["GET"]}}],"collection":[{"href":"https:\/\/aale.ee\/en\/wp-json\/wp\/v2\/product"}],"about":[{"href":"https:\/\/aale.ee\/en\/wp-json\/wp\/v2\/types\/product"}],"replies":[{"embeddable":true,"href":"https:\/\/aale.ee\/en\/wp-json\/wp\/v2\/comments?post=5545"}],"wp:featuredmedia":[{"embeddable":true,"href":"https:\/\/aale.ee\/en\/wp-json\/wp\/v2\/media\/5546"}],"wp:attachment":[{"href":"https:\/\/aale.ee\/en\/wp-json\/wp\/v2\/media?parent=5545"}],"wp:term":[{"taxonomy":"product_brand","embeddable":true,"href":"https:\/\/aale.ee\/en\/wp-json\/wp\/v2\/product_brand?post=5545"},{"taxonomy":"product_cat","embeddable":true,"href":"https:\/\/aale.ee\/en\/wp-json\/wp\/v2\/product_cat?post=5545"},{"taxonomy":"product_tag","embeddable":true,"href":"https:\/\/aale.ee\/en\/wp-json\/wp\/v2\/product_tag?post=5545"}],"curies":[{"name":"wp","href":"https:\/\/api.w.org\/{rel}","templated":true}]}}