{"id":5565,"date":"2024-02-20T14:23:47","date_gmt":"2024-02-20T14:23:47","guid":{"rendered":"https:\/\/aale.ee\/?post_type=product&#038;p=5565"},"modified":"2024-02-20T14:38:27","modified_gmt":"2024-02-20T14:38:27","slug":"meeste-vorkvoo-kuusalu-luganuse","status":"publish","type":"product","link":"https:\/\/aale.ee\/en\/e-pood\/folk-costumes\/vood-ja-paelad-en\/meeste-vorkvoo-kuusalu-luganuse\/","title":{"rendered":"Meeste v\u00f5rkv\u00f6\u00f6 Kuusalu, L\u00fcganuse"},"content":{"rendered":"<p>Materjaliks 100% villane 8\/3 l\u00f5ng.<\/p>\n<p>V\u00f6\u00f6 pikkus koos 286 cm + 10 cm narmad m\u00f5lemas v\u00f6\u00f6 otsas. V\u00f6\u00f6 laius 11 cm<\/p>\n<p>Ajaloolised eeskujud: ERM 16042 Kuusalu kihelkond, ERM 17646:1 ja ERM 17689 L\u00fcganuse kihelkond.<\/p>\n<p>V\u00f5rkv\u00f6\u00f6d kandsid mehed pikk-kuue peal.<\/p>\n","protected":false},"excerpt":{"rendered":"<p>Materjaliks 100% villane 8\/3 l\u00f5ng. V\u00f6\u00f6 pikkus koos 286 cm + 10 cm narmad m\u00f5lemas v\u00f6\u00f6 otsas. V\u00f6\u00f6 laius 11&#8230;<\/p>\n","protected":false},"featured_media":5567,"comment_status":"closed","ping_status":"closed","template":"","meta":{"_acf_changed":false,"inline_featured_image":false},"product_brand":[],"product_cat":[336,760,339],"product_tag":[620,604,619],"class_list":{"0":"post-5565","1":"product","2":"type-product","3":"status-publish","4":"has-post-thumbnail","6":"product_cat-koik-tooted-en","7":"product_cat-vood-ja-paelad-en","8":"product_cat-folk-costumes","9":"product_tag-eesti-parandmuster-en","10":"product_tag-kasitoo-en","11":"product_tag-naturaalsed-materjalid-en","13":"first","14":"instock","15":"taxable","16":"shipping-taxable","17":"purchasable","18":"product-type-simple"},"acf":[],"_links":{"self":[{"href":"https:\/\/aale.ee\/en\/wp-json\/wp\/v2\/product\/5565","targetHints":{"allow":["GET"]}}],"collection":[{"href":"https:\/\/aale.ee\/en\/wp-json\/wp\/v2\/product"}],"about":[{"href":"https:\/\/aale.ee\/en\/wp-json\/wp\/v2\/types\/product"}],"replies":[{"embeddable":true,"href":"https:\/\/aale.ee\/en\/wp-json\/wp\/v2\/comments?post=5565"}],"wp:featuredmedia":[{"embeddable":true,"href":"https:\/\/aale.ee\/en\/wp-json\/wp\/v2\/media\/5567"}],"wp:attachment":[{"href":"https:\/\/aale.ee\/en\/wp-json\/wp\/v2\/media?parent=5565"}],"wp:term":[{"taxonomy":"product_brand","embeddable":true,"href":"https:\/\/aale.ee\/en\/wp-json\/wp\/v2\/product_brand?post=5565"},{"taxonomy":"product_cat","embeddable":true,"href":"https:\/\/aale.ee\/en\/wp-json\/wp\/v2\/product_cat?post=5565"},{"taxonomy":"product_tag","embeddable":true,"href":"https:\/\/aale.ee\/en\/wp-json\/wp\/v2\/product_tag?post=5565"}],"curies":[{"name":"wp","href":"https:\/\/api.w.org\/{rel}","templated":true}]}}