{"id":5589,"date":"2024-02-29T14:40:00","date_gmt":"2024-02-29T14:40:00","guid":{"rendered":"https:\/\/aale.ee\/?post_type=product&#038;p=5589"},"modified":"2025-02-10T12:51:43","modified_gmt":"2025-02-10T12:51:43","slug":"rahvaroiva-seelikukangas-joelahtme-2","status":"publish","type":"product","link":"https:\/\/aale.ee\/en\/e-pood\/rahvaroivad\/rahvaroiva-seelikukangas-joelahtme-2\/","title":{"rendered":"Rahvar\u00f5iva seelikukangas J\u00f5el\u00e4htme"},"content":{"rendered":"<p>Rahvar\u00f5iva seelikukanga kupong m\u00f5\u00f5tudega 2,0 x 1,46 m<\/p>\n<p>Kootud masintelgedel, l\u00f5im puuvillane, kude villane.<\/p>\n<p>Ajalooline eeskuju: ERM 4711. Seelik on ERM-i fondist kustutatud, kuid pilt originaalseeliku triibustikust on H. Kurriku raamatus \u201cEesti rahvar\u00f5ivad\u201d tahvel XII pilt 6.<\/p>\n","protected":false},"excerpt":{"rendered":"<p>Rahvar\u00f5iva seelikukanga kupong m\u00f5\u00f5tudega 2,0 x 1,46 m Kootud masintelgedel, l\u00f5im puuvillane, kude villane. Ajalooline eeskuju: ERM 4711. Seelik on&#8230;<\/p>\n","protected":false},"featured_media":5590,"comment_status":"closed","ping_status":"closed","template":"","meta":{"_acf_changed":false,"inline_featured_image":false},"product_brand":[],"product_cat":[33,658,331,32,37],"product_tag":[615,618],"class_list":{"0":"post-5589","1":"product","2":"type-product","3":"status-publish","4":"has-post-thumbnail","6":"product_cat-rahvaroivad","7":"product_cat-kangad-materjalid","8":"product_cat-kangad","9":"product_cat-koik-tooted","10":"product_cat-materjalid","11":"product_tag-eesti-parandmuster","12":"product_tag-naturaalsed-materjalid","14":"first","15":"outofstock","16":"taxable","17":"shipping-taxable","18":"purchasable","19":"product-type-simple"},"acf":[],"_links":{"self":[{"href":"https:\/\/aale.ee\/en\/wp-json\/wp\/v2\/product\/5589","targetHints":{"allow":["GET"]}}],"collection":[{"href":"https:\/\/aale.ee\/en\/wp-json\/wp\/v2\/product"}],"about":[{"href":"https:\/\/aale.ee\/en\/wp-json\/wp\/v2\/types\/product"}],"replies":[{"embeddable":true,"href":"https:\/\/aale.ee\/en\/wp-json\/wp\/v2\/comments?post=5589"}],"wp:featuredmedia":[{"embeddable":true,"href":"https:\/\/aale.ee\/en\/wp-json\/wp\/v2\/media\/5590"}],"wp:attachment":[{"href":"https:\/\/aale.ee\/en\/wp-json\/wp\/v2\/media?parent=5589"}],"wp:term":[{"taxonomy":"product_brand","embeddable":true,"href":"https:\/\/aale.ee\/en\/wp-json\/wp\/v2\/product_brand?post=5589"},{"taxonomy":"product_cat","embeddable":true,"href":"https:\/\/aale.ee\/en\/wp-json\/wp\/v2\/product_cat?post=5589"},{"taxonomy":"product_tag","embeddable":true,"href":"https:\/\/aale.ee\/en\/wp-json\/wp\/v2\/product_tag?post=5589"}],"curies":[{"name":"wp","href":"https:\/\/api.w.org\/{rel}","templated":true}]}}