{"id":5712,"date":"2024-03-18T15:00:21","date_gmt":"2024-03-18T15:00:21","guid":{"rendered":"https:\/\/aale.ee\/?post_type=product&#038;p=5712"},"modified":"2026-04-06T08:19:30","modified_gmt":"2026-04-06T08:19:30","slug":"t-sark-lillemustris-estonia-4","status":"publish","type":"product","link":"https:\/\/aale.ee\/en\/e-pood\/t-sargid\/t-sark-lillemustris-estonia-4\/","title":{"rendered":"T-s\u00e4rk lillemustris Estonia"},"content":{"rendered":"<p>Materjal 100% puuvill.<\/p>\n<p>Valgel s\u00e4rgil v\u00e4rvilises tr\u00fckis lillemustriga ornament. Kergelt kehasse t\u00f6\u00f6deldud.<\/p>\n<p>&nbsp;<\/p>\n","protected":false},"excerpt":{"rendered":"<p>Materjal 100% puuvill. Valgel s\u00e4rgil v\u00e4rvilises tr\u00fckis lillemustriga ornament. Kergelt kehasse t\u00f6\u00f6deldud. &nbsp;<\/p>\n","protected":false},"featured_media":5718,"comment_status":"closed","ping_status":"closed","template":"","meta":{"_acf_changed":false,"inline_featured_image":false},"product_brand":[],"product_cat":[39,32],"product_tag":[669,640,289],"class_list":{"0":"post-5712","1":"product","2":"type-product","3":"status-publish","4":"has-post-thumbnail","6":"product_cat-t-sargid","7":"product_cat-koik-tooted","8":"product_tag-100-puuvill","9":"product_tag-elegantne-ja-kehasse-toodeldud","10":"product_tag-hingav-materjal","11":"pa_suurus-l","12":"pa_suurus-m","13":"pa_suurus-s","14":"pa_suurus-xl","15":"pa_suurus-xs","16":"pa_suurus-xxl","18":"first","19":"instock","20":"taxable","21":"shipping-taxable","22":"purchasable","23":"product-type-variable"},"acf":[],"_links":{"self":[{"href":"https:\/\/aale.ee\/en\/wp-json\/wp\/v2\/product\/5712","targetHints":{"allow":["GET"]}}],"collection":[{"href":"https:\/\/aale.ee\/en\/wp-json\/wp\/v2\/product"}],"about":[{"href":"https:\/\/aale.ee\/en\/wp-json\/wp\/v2\/types\/product"}],"replies":[{"embeddable":true,"href":"https:\/\/aale.ee\/en\/wp-json\/wp\/v2\/comments?post=5712"}],"wp:featuredmedia":[{"embeddable":true,"href":"https:\/\/aale.ee\/en\/wp-json\/wp\/v2\/media\/5718"}],"wp:attachment":[{"href":"https:\/\/aale.ee\/en\/wp-json\/wp\/v2\/media?parent=5712"}],"wp:term":[{"taxonomy":"product_brand","embeddable":true,"href":"https:\/\/aale.ee\/en\/wp-json\/wp\/v2\/product_brand?post=5712"},{"taxonomy":"product_cat","embeddable":true,"href":"https:\/\/aale.ee\/en\/wp-json\/wp\/v2\/product_cat?post=5712"},{"taxonomy":"product_tag","embeddable":true,"href":"https:\/\/aale.ee\/en\/wp-json\/wp\/v2\/product_tag?post=5712"}],"curies":[{"name":"wp","href":"https:\/\/api.w.org\/{rel}","templated":true}]}}