{"id":5838,"date":"2024-04-29T14:42:36","date_gmt":"2024-04-29T14:42:36","guid":{"rendered":"https:\/\/aale.ee\/?post_type=product&#038;p=5838"},"modified":"2026-03-31T07:19:38","modified_gmt":"2026-03-31T07:19:38","slug":"linane-long-valge","status":"publish","type":"product","link":"https:\/\/aale.ee\/en\/e-pood\/materjalid\/linane-long-valge\/","title":{"rendered":"Linane l\u00f5ng valge"},"content":{"rendered":"<p>\u00dchtlase keeruga kvaliteetne 100% linane l\u00f5ng.<\/p>\n<p>Sobib h\u00e4sti rahvar\u00f5ivastel valge tikandi tegemiseks.<\/p>\n<p>Kahe- ja kolmekordne.<\/p>\n<p>&nbsp;<\/p>\n","protected":false},"excerpt":{"rendered":"<p>\u00dchtlase keeruga kvaliteetne 100% linane l\u00f5ng. Sobib h\u00e4sti rahvar\u00f5ivastel valge tikandi tegemiseks. Kahe- ja kolmekordne. &nbsp;<\/p>\n","protected":false},"featured_media":971,"comment_status":"closed","ping_status":"closed","template":"","meta":{"_acf_changed":false,"inline_featured_image":false},"product_brand":[],"product_cat":[37,32,733],"product_tag":[],"class_list":{"0":"post-5838","1":"product","2":"type-product","3":"status-publish","4":"has-post-thumbnail","6":"product_cat-materjalid","7":"product_cat-koik-tooted","8":"product_cat-longad-ja-villad","9":"pa_suurus-100-g","10":"pa_suurus-50-g","12":"first","13":"instock","14":"taxable","15":"shipping-taxable","16":"purchasable","17":"product-type-variable"},"acf":[],"_links":{"self":[{"href":"https:\/\/aale.ee\/en\/wp-json\/wp\/v2\/product\/5838","targetHints":{"allow":["GET"]}}],"collection":[{"href":"https:\/\/aale.ee\/en\/wp-json\/wp\/v2\/product"}],"about":[{"href":"https:\/\/aale.ee\/en\/wp-json\/wp\/v2\/types\/product"}],"replies":[{"embeddable":true,"href":"https:\/\/aale.ee\/en\/wp-json\/wp\/v2\/comments?post=5838"}],"wp:featuredmedia":[{"embeddable":true,"href":"https:\/\/aale.ee\/en\/wp-json\/wp\/v2\/media\/971"}],"wp:attachment":[{"href":"https:\/\/aale.ee\/en\/wp-json\/wp\/v2\/media?parent=5838"}],"wp:term":[{"taxonomy":"product_brand","embeddable":true,"href":"https:\/\/aale.ee\/en\/wp-json\/wp\/v2\/product_brand?post=5838"},{"taxonomy":"product_cat","embeddable":true,"href":"https:\/\/aale.ee\/en\/wp-json\/wp\/v2\/product_cat?post=5838"},{"taxonomy":"product_tag","embeddable":true,"href":"https:\/\/aale.ee\/en\/wp-json\/wp\/v2\/product_tag?post=5838"}],"curies":[{"name":"wp","href":"https:\/\/api.w.org\/{rel}","templated":true}]}}