{"id":6008,"date":"2024-05-24T14:31:55","date_gmt":"2024-05-24T14:31:55","guid":{"rendered":"https:\/\/aale.ee\/?post_type=product&#038;p=6008"},"modified":"2025-05-08T14:20:57","modified_gmt":"2025-05-08T14:20:57","slug":"kott-viru-jaagupi","status":"publish","type":"product","link":"https:\/\/aale.ee\/en\/e-pood\/folk-costumes\/kotid-ja-taskud-en\/kott-viru-jaagupi\/","title":{"rendered":"Kott Kadrina"},"content":{"rendered":"<p>Kotike linasest kangast, kaunistudeks puuvillane rahvar\u00f5iva seelikutriibustikuga kangas ja naturaalsetes toonides pits.<\/p>\n<p>Kott on voodriga, kotisuu punutud paelaga kokku t\u00f5mmatav. Kotti saab kanda \u00fcle \u00f5la 140 cm pikkuse punutud paelast sanga abil.<\/p>\n<p>Suurus 18,5 x 26,5 cm<\/p>\n","protected":false},"excerpt":{"rendered":"<p>Kotike linasest kangast, kaunistudeks puuvillane rahvar\u00f5iva seelikutriibustikuga kangas ja naturaalsetes toonides pits. Kott on voodriga, kotisuu punutud paelaga kokku t\u00f5mmatav&#8230;.<\/p>\n","protected":false},"featured_media":6010,"comment_status":"closed","ping_status":"closed","template":"","meta":{"_acf_changed":false,"inline_featured_image":false},"product_brand":[],"product_cat":[336,782,339],"product_tag":[604,619],"class_list":{"0":"post-6008","1":"product","2":"type-product","3":"status-publish","4":"has-post-thumbnail","6":"product_cat-koik-tooted-en","7":"product_cat-kotid-ja-taskud-en","8":"product_cat-folk-costumes","9":"product_tag-kasitoo-en","10":"product_tag-naturaalsed-materjalid-en","12":"first","13":"instock","14":"taxable","15":"shipping-taxable","16":"purchasable","17":"product-type-simple"},"acf":[],"_links":{"self":[{"href":"https:\/\/aale.ee\/en\/wp-json\/wp\/v2\/product\/6008","targetHints":{"allow":["GET"]}}],"collection":[{"href":"https:\/\/aale.ee\/en\/wp-json\/wp\/v2\/product"}],"about":[{"href":"https:\/\/aale.ee\/en\/wp-json\/wp\/v2\/types\/product"}],"replies":[{"embeddable":true,"href":"https:\/\/aale.ee\/en\/wp-json\/wp\/v2\/comments?post=6008"}],"wp:featuredmedia":[{"embeddable":true,"href":"https:\/\/aale.ee\/en\/wp-json\/wp\/v2\/media\/6010"}],"wp:attachment":[{"href":"https:\/\/aale.ee\/en\/wp-json\/wp\/v2\/media?parent=6008"}],"wp:term":[{"taxonomy":"product_brand","embeddable":true,"href":"https:\/\/aale.ee\/en\/wp-json\/wp\/v2\/product_brand?post=6008"},{"taxonomy":"product_cat","embeddable":true,"href":"https:\/\/aale.ee\/en\/wp-json\/wp\/v2\/product_cat?post=6008"},{"taxonomy":"product_tag","embeddable":true,"href":"https:\/\/aale.ee\/en\/wp-json\/wp\/v2\/product_tag?post=6008"}],"curies":[{"name":"wp","href":"https:\/\/api.w.org\/{rel}","templated":true}]}}