{"id":6212,"date":"2024-07-23T11:45:28","date_gmt":"2024-07-23T11:45:28","guid":{"rendered":"https:\/\/aale.ee\/?post_type=product&#038;p=6212"},"modified":"2026-04-03T12:43:35","modified_gmt":"2026-04-03T12:43:35","slug":"haapsalu-salli-long","status":"publish","type":"product","link":"https:\/\/aale.ee\/en\/e-pood\/materjalid\/longad-ja-villad\/haapsalu-salli-long\/","title":{"rendered":"Haapsalu salli l\u00f5ng"},"content":{"rendered":"<p>Kvaliteetne ja \u00fchtlase keeruga 100% merino villane l\u00f5ng nr 28\/2. Midara, Leedu.<\/p>\n<p>Midara Haapsalu salli l\u00f5ng on loodud spetsiaalselt Haapsalu sallide ja pitsiliste esemete valmistamiseks. Sobib nii k\u00e4sitsi kui masinal kudumiseks.<\/p>\n<p>Toki kaal 100 g , 1400 m<\/p>\n","protected":false},"excerpt":{"rendered":"<p>Kvaliteetne ja \u00fchtlase keeruga 100% merino villane l\u00f5ng nr 28\/2. Midara, Leedu. Midara Haapsalu salli l\u00f5ng on loodud spetsiaalselt Haapsalu&#8230;<\/p>\n","protected":false},"featured_media":6213,"comment_status":"closed","ping_status":"closed","template":"","meta":{"_acf_changed":false,"inline_featured_image":false},"product_brand":[],"product_cat":[733,32,37],"product_tag":[807,618],"class_list":{"0":"post-6212","1":"product","2":"type-product","3":"status-publish","4":"has-post-thumbnail","6":"product_cat-longad-ja-villad","7":"product_cat-koik-tooted","8":"product_cat-materjalid","9":"product_tag-00-meriino-vill","10":"product_tag-naturaalsed-materjalid","11":"pa_longa-varv-helehall","12":"pa_longa-varv-lumivalge","13":"pa_longa-varv-must","14":"pa_longa-varv-naturaalne-valge","15":"pa_longa-varv-tumepunane","17":"first","18":"instock","19":"taxable","20":"shipping-taxable","21":"purchasable","22":"product-type-variable"},"acf":[],"_links":{"self":[{"href":"https:\/\/aale.ee\/en\/wp-json\/wp\/v2\/product\/6212","targetHints":{"allow":["GET"]}}],"collection":[{"href":"https:\/\/aale.ee\/en\/wp-json\/wp\/v2\/product"}],"about":[{"href":"https:\/\/aale.ee\/en\/wp-json\/wp\/v2\/types\/product"}],"replies":[{"embeddable":true,"href":"https:\/\/aale.ee\/en\/wp-json\/wp\/v2\/comments?post=6212"}],"wp:featuredmedia":[{"embeddable":true,"href":"https:\/\/aale.ee\/en\/wp-json\/wp\/v2\/media\/6213"}],"wp:attachment":[{"href":"https:\/\/aale.ee\/en\/wp-json\/wp\/v2\/media?parent=6212"}],"wp:term":[{"taxonomy":"product_brand","embeddable":true,"href":"https:\/\/aale.ee\/en\/wp-json\/wp\/v2\/product_brand?post=6212"},{"taxonomy":"product_cat","embeddable":true,"href":"https:\/\/aale.ee\/en\/wp-json\/wp\/v2\/product_cat?post=6212"},{"taxonomy":"product_tag","embeddable":true,"href":"https:\/\/aale.ee\/en\/wp-json\/wp\/v2\/product_tag?post=6212"}],"curies":[{"name":"wp","href":"https:\/\/api.w.org\/{rel}","templated":true}]}}