{"id":6239,"date":"2024-07-23T12:06:33","date_gmt":"2024-07-23T12:06:33","guid":{"rendered":"https:\/\/aale.ee\/?post_type=product&#038;p=6239"},"modified":"2025-09-18T13:02:42","modified_gmt":"2025-09-18T13:02:42","slug":"puidust-noobid-kadakas-s","status":"publish","type":"product","link":"https:\/\/aale.ee\/en\/e-pood\/materials\/litrid-materjalid-en\/puidust-noobid-kadakas-s\/","title":{"rendered":"Puidust n\u00f6\u00f6bid Kadakas S"},"content":{"rendered":"<p>K\u00e4sit\u00f6\u00f6na valminud kadakast n\u00f6\u00f6bid on k\u00f5ik veidi erinevad ja kordumatu mustriga.<\/p>\n<p>L\u00e4bim\u00f5\u00f5t: ca 2,5 &#8211; 3,2 cm<\/p>\n","protected":false},"excerpt":{"rendered":"<p>K\u00e4sit\u00f6\u00f6na valminud kadakast n\u00f6\u00f6bid on k\u00f5ik veidi erinevad ja kordumatu mustriga. L\u00e4bim\u00f5\u00f5t: ca 2,5 &#8211; 3,2 cm<\/p>\n","protected":false},"featured_media":6241,"comment_status":"closed","ping_status":"closed","template":"","meta":{"_acf_changed":false,"inline_featured_image":false},"product_brand":[],"product_cat":[336,339,341,787],"product_tag":[603,808],"class_list":{"0":"post-6239","1":"product","2":"type-product","3":"status-publish","4":"has-post-thumbnail","6":"product_cat-koik-tooted-en","7":"product_cat-folk-costumes","8":"product_cat-materials","9":"product_cat-litrid-materjalid-en","10":"product_tag-ainulaadne-en","11":"product_tag-naturaalne-varv-ja-materjal-en","13":"first","14":"outofstock","15":"taxable","16":"shipping-taxable","17":"purchasable","18":"product-type-simple"},"acf":[],"_links":{"self":[{"href":"https:\/\/aale.ee\/en\/wp-json\/wp\/v2\/product\/6239","targetHints":{"allow":["GET"]}}],"collection":[{"href":"https:\/\/aale.ee\/en\/wp-json\/wp\/v2\/product"}],"about":[{"href":"https:\/\/aale.ee\/en\/wp-json\/wp\/v2\/types\/product"}],"replies":[{"embeddable":true,"href":"https:\/\/aale.ee\/en\/wp-json\/wp\/v2\/comments?post=6239"}],"wp:featuredmedia":[{"embeddable":true,"href":"https:\/\/aale.ee\/en\/wp-json\/wp\/v2\/media\/6241"}],"wp:attachment":[{"href":"https:\/\/aale.ee\/en\/wp-json\/wp\/v2\/media?parent=6239"}],"wp:term":[{"taxonomy":"product_brand","embeddable":true,"href":"https:\/\/aale.ee\/en\/wp-json\/wp\/v2\/product_brand?post=6239"},{"taxonomy":"product_cat","embeddable":true,"href":"https:\/\/aale.ee\/en\/wp-json\/wp\/v2\/product_cat?post=6239"},{"taxonomy":"product_tag","embeddable":true,"href":"https:\/\/aale.ee\/en\/wp-json\/wp\/v2\/product_tag?post=6239"}],"curies":[{"name":"wp","href":"https:\/\/api.w.org\/{rel}","templated":true}]}}