{"id":6243,"date":"2024-07-23T12:59:32","date_gmt":"2024-07-23T12:59:32","guid":{"rendered":"https:\/\/aale.ee\/?post_type=product&#038;p=6243"},"modified":"2026-04-15T10:09:01","modified_gmt":"2026-04-15T10:09:01","slug":"puidust-noobid-tamm","status":"publish","type":"product","link":"https:\/\/aale.ee\/en\/e-pood\/materials\/litrid-materjalid-en\/puidust-noobid-tamm\/","title":{"rendered":"Puidust n\u00f6\u00f6bid Tamm"},"content":{"rendered":"<p>K\u00e4sit\u00f6\u00f6na valminud tamme puidust n\u00f6\u00f6bid on k\u00f5ik veidi erinevad ja kordumatu mustriga.<\/p>\n<p>M\u00f5\u00f5dud: ca 1,2 x\u00a0 3 cm<\/p>\n","protected":false},"excerpt":{"rendered":"<p>K\u00e4sit\u00f6\u00f6na valminud tamme puidust n\u00f6\u00f6bid on k\u00f5ik veidi erinevad ja kordumatu mustriga. M\u00f5\u00f5dud: ca 1,2 x\u00a0 3 cm<\/p>\n","protected":false},"featured_media":6245,"comment_status":"closed","ping_status":"closed","template":"","meta":{"_acf_changed":false,"inline_featured_image":false},"product_brand":[],"product_cat":[336,339,341,787],"product_tag":[603,808],"class_list":{"0":"post-6243","1":"product","2":"type-product","3":"status-publish","4":"has-post-thumbnail","6":"product_cat-koik-tooted-en","7":"product_cat-folk-costumes","8":"product_cat-materials","9":"product_cat-litrid-materjalid-en","10":"product_tag-ainulaadne-en","11":"product_tag-naturaalne-varv-ja-materjal-en","13":"first","14":"instock","15":"taxable","16":"shipping-taxable","17":"purchasable","18":"product-type-simple"},"acf":[],"_links":{"self":[{"href":"https:\/\/aale.ee\/en\/wp-json\/wp\/v2\/product\/6243","targetHints":{"allow":["GET"]}}],"collection":[{"href":"https:\/\/aale.ee\/en\/wp-json\/wp\/v2\/product"}],"about":[{"href":"https:\/\/aale.ee\/en\/wp-json\/wp\/v2\/types\/product"}],"replies":[{"embeddable":true,"href":"https:\/\/aale.ee\/en\/wp-json\/wp\/v2\/comments?post=6243"}],"wp:featuredmedia":[{"embeddable":true,"href":"https:\/\/aale.ee\/en\/wp-json\/wp\/v2\/media\/6245"}],"wp:attachment":[{"href":"https:\/\/aale.ee\/en\/wp-json\/wp\/v2\/media?parent=6243"}],"wp:term":[{"taxonomy":"product_brand","embeddable":true,"href":"https:\/\/aale.ee\/en\/wp-json\/wp\/v2\/product_brand?post=6243"},{"taxonomy":"product_cat","embeddable":true,"href":"https:\/\/aale.ee\/en\/wp-json\/wp\/v2\/product_cat?post=6243"},{"taxonomy":"product_tag","embeddable":true,"href":"https:\/\/aale.ee\/en\/wp-json\/wp\/v2\/product_tag?post=6243"}],"curies":[{"name":"wp","href":"https:\/\/api.w.org\/{rel}","templated":true}]}}