{"id":6247,"date":"2024-07-23T13:09:12","date_gmt":"2024-07-23T13:09:12","guid":{"rendered":"https:\/\/aale.ee\/?post_type=product&#038;p=6247"},"modified":"2026-04-15T09:51:56","modified_gmt":"2026-04-15T09:51:56","slug":"puidust-noobid-ploom","status":"publish","type":"product","link":"https:\/\/aale.ee\/en\/e-pood\/materials\/litrid-materjalid-en\/puidust-noobid-ploom\/","title":{"rendered":"Puidust n\u00f6\u00f6bid Ploom"},"content":{"rendered":"<p>K\u00e4sit\u00f6\u00f6na valminud ploomipuu n\u00f6\u00f6bid on k\u00f5ik veidi erinevad ja kordumatu mustriga.<\/p>\n<p>L\u00e4bim\u00f5\u00f5t: ca 1,2 &#8211;\u00a0 2,2 cm<\/p>\n","protected":false},"excerpt":{"rendered":"<p>K\u00e4sit\u00f6\u00f6na valminud ploomipuu n\u00f6\u00f6bid on k\u00f5ik veidi erinevad ja kordumatu mustriga. L\u00e4bim\u00f5\u00f5t: ca 1,2 &#8211;\u00a0 2,2 cm<\/p>\n","protected":false},"featured_media":6249,"comment_status":"closed","ping_status":"closed","template":"","meta":{"_acf_changed":false,"inline_featured_image":false},"product_brand":[],"product_cat":[336,339,341,787],"product_tag":[603,808],"class_list":{"0":"post-6247","1":"product","2":"type-product","3":"status-publish","4":"has-post-thumbnail","6":"product_cat-koik-tooted-en","7":"product_cat-folk-costumes","8":"product_cat-materials","9":"product_cat-litrid-materjalid-en","10":"product_tag-ainulaadne-en","11":"product_tag-naturaalne-varv-ja-materjal-en","13":"first","14":"instock","15":"taxable","16":"shipping-taxable","17":"purchasable","18":"product-type-simple"},"acf":[],"_links":{"self":[{"href":"https:\/\/aale.ee\/en\/wp-json\/wp\/v2\/product\/6247","targetHints":{"allow":["GET"]}}],"collection":[{"href":"https:\/\/aale.ee\/en\/wp-json\/wp\/v2\/product"}],"about":[{"href":"https:\/\/aale.ee\/en\/wp-json\/wp\/v2\/types\/product"}],"replies":[{"embeddable":true,"href":"https:\/\/aale.ee\/en\/wp-json\/wp\/v2\/comments?post=6247"}],"wp:featuredmedia":[{"embeddable":true,"href":"https:\/\/aale.ee\/en\/wp-json\/wp\/v2\/media\/6249"}],"wp:attachment":[{"href":"https:\/\/aale.ee\/en\/wp-json\/wp\/v2\/media?parent=6247"}],"wp:term":[{"taxonomy":"product_brand","embeddable":true,"href":"https:\/\/aale.ee\/en\/wp-json\/wp\/v2\/product_brand?post=6247"},{"taxonomy":"product_cat","embeddable":true,"href":"https:\/\/aale.ee\/en\/wp-json\/wp\/v2\/product_cat?post=6247"},{"taxonomy":"product_tag","embeddable":true,"href":"https:\/\/aale.ee\/en\/wp-json\/wp\/v2\/product_tag?post=6247"}],"curies":[{"name":"wp","href":"https:\/\/api.w.org\/{rel}","templated":true}]}}