{"id":6252,"date":"2024-07-26T12:56:53","date_gmt":"2024-07-26T12:56:53","guid":{"rendered":"https:\/\/aale.ee\/?post_type=product&#038;p=6252"},"modified":"2026-03-26T15:00:27","modified_gmt":"2026-03-26T15:00:27","slug":"triibukampsun-viru-nigula","status":"publish","type":"product","link":"https:\/\/aale.ee\/en\/e-pood\/womens-knitwear-womens-knitwear\/kampsunid-en\/triibukampsun-viru-nigula\/","title":{"rendered":"Triibukampsun Viru-Nigula"},"content":{"rendered":"<p>Materjal 100% villane, masinal kootud ja\u00a0 kergelt vanutatud.<\/p>\n<p>H\u00e4sti soe ja elegantselt kehasse t\u00f6\u00f6deldud kampsun. Alumises servas v\u00e4ikesed kanditud l\u00f5hikud. Kaunistuseks kasutatud Viru-Nigula kihelkonna rahvar\u00f5iva seelikukangast. Sobib ideaalselt kanda rahvar\u00f5ivaseelikuga.<\/p>\n\n<table id=\"tablepress-1\" class=\"tablepress tablepress-id-1\">\n<thead>\n<tr class=\"row-1\">\n\t<th class=\"column-1\">Suurus<\/th><th class=\"column-2\">Rinna \u00fcmberm\u00f5\u00f5t<\/th><th class=\"column-3\">V\u00f6\u00f6 \u00fcmberm\u00f5\u00f5t<\/th><th class=\"column-4\">Puusa \u00fcmberm\u00f5\u00f5t<\/th>\n<\/tr>\n<\/thead>\n<tbody class=\"row-striping\">\n<tr class=\"row-2\">\n\t<td class=\"column-1\">S<\/td><td class=\"column-2\">88-92<\/td><td class=\"column-3\">68-72<\/td><td class=\"column-4\">92-96<\/td>\n<\/tr>\n<tr class=\"row-3\">\n\t<td class=\"column-1\">M<\/td><td class=\"column-2\">94-98<\/td><td class=\"column-3\">73-77<\/td><td class=\"column-4\">98-102<\/td>\n<\/tr>\n<tr class=\"row-4\">\n\t<td class=\"column-1\">L<\/td><td class=\"column-2\">100-104<\/td><td class=\"column-3\">78-82<\/td><td class=\"column-4\">104-108<\/td>\n<\/tr>\n<tr class=\"row-5\">\n\t<td class=\"column-1\">XL<\/td><td class=\"column-2\">106-110<\/td><td class=\"column-3\">83-88<\/td><td class=\"column-4\">110-114<\/td>\n<\/tr>\n<tr class=\"row-6\">\n\t<td class=\"column-1\">XXL<\/td><td class=\"column-2\">112-116<\/td><td class=\"column-3\">89-92<\/td><td class=\"column-4\">116-120<\/td>\n<\/tr>\n<\/tbody>\n<\/table>\n<!-- #tablepress-1 from cache -->\n","protected":false},"excerpt":{"rendered":"<p>Materjal 100% villane, masinal kootud ja\u00a0 kergelt vanutatud. H\u00e4sti soe ja elegantselt kehasse t\u00f6\u00f6deldud kampsun. Alumises servas v\u00e4ikesed kanditud l\u00f5hikud&#8230;.<\/p>\n","protected":false},"featured_media":6259,"comment_status":"closed","ping_status":"closed","template":"","meta":{"_acf_changed":false,"inline_featured_image":false},"product_brand":[],"product_cat":[307,32,26],"product_tag":[290,640,649],"class_list":{"0":"post-6252","1":"product","2":"type-product","3":"status-publish","4":"has-post-thumbnail","6":"product_cat-kampsunid","7":"product_cat-koik-tooted","8":"product_cat-naiste-kudumid","9":"product_tag-100-villane","10":"product_tag-elegantne-ja-kehasse-toodeldud","11":"product_tag-soe-ja-pehme","12":"pa_suurus-l","13":"pa_suurus-m","14":"pa_suurus-s","15":"pa_suurus-xl","16":"pa_suurus-xs","17":"pa_suurus-xxl","19":"first","20":"instock","21":"taxable","22":"shipping-taxable","23":"purchasable","24":"product-type-variable"},"acf":[],"_links":{"self":[{"href":"https:\/\/aale.ee\/en\/wp-json\/wp\/v2\/product\/6252","targetHints":{"allow":["GET"]}}],"collection":[{"href":"https:\/\/aale.ee\/en\/wp-json\/wp\/v2\/product"}],"about":[{"href":"https:\/\/aale.ee\/en\/wp-json\/wp\/v2\/types\/product"}],"replies":[{"embeddable":true,"href":"https:\/\/aale.ee\/en\/wp-json\/wp\/v2\/comments?post=6252"}],"wp:featuredmedia":[{"embeddable":true,"href":"https:\/\/aale.ee\/en\/wp-json\/wp\/v2\/media\/6259"}],"wp:attachment":[{"href":"https:\/\/aale.ee\/en\/wp-json\/wp\/v2\/media?parent=6252"}],"wp:term":[{"taxonomy":"product_brand","embeddable":true,"href":"https:\/\/aale.ee\/en\/wp-json\/wp\/v2\/product_brand?post=6252"},{"taxonomy":"product_cat","embeddable":true,"href":"https:\/\/aale.ee\/en\/wp-json\/wp\/v2\/product_cat?post=6252"},{"taxonomy":"product_tag","embeddable":true,"href":"https:\/\/aale.ee\/en\/wp-json\/wp\/v2\/product_tag?post=6252"}],"curies":[{"name":"wp","href":"https:\/\/api.w.org\/{rel}","templated":true}]}}