{"id":6397,"date":"2024-08-22T11:21:16","date_gmt":"2024-08-22T11:21:16","guid":{"rendered":"https:\/\/aale.ee\/?post_type=product&#038;p=6397"},"modified":"2026-03-26T07:30:43","modified_gmt":"2026-03-26T07:30:43","slug":"kirivoo-viru-jaagupi-3","status":"publish","type":"product","link":"https:\/\/aale.ee\/en\/e-pood\/folk-costumes\/vood-ja-paelad-en\/kirivoo-viru-jaagupi-3\/","title":{"rendered":"Kiriv\u00f6\u00f6 Viru-Jaagupi"},"content":{"rendered":"<p>Materjaliks 100% villane ja linane l\u00f5ng.<\/p>\n<p>V\u00f6\u00f6 pikkus koos narmastega 302 cm, laius 4,5 cm<\/p>\n<p>Ajalooline eeskuju: ERM 10373 Viru-Jaagupi kihelkond, M\u00f5driku k\u00fcla.<\/p>\n<p>&#8220;Kolmekirja v\u00f6\u00f6 &#8221; nimi tuli sellest, et kirjas &#8220;kolm haralist t\u00e4hte kolmnurgana korduvad.<\/p>\n","protected":false},"excerpt":{"rendered":"<p>Materjaliks 100% villane ja linane l\u00f5ng. V\u00f6\u00f6 pikkus koos narmastega 302 cm, laius 4,5 cm Ajalooline eeskuju: ERM 10373 Viru-Jaagupi&#8230;<\/p>\n","protected":false},"featured_media":8577,"comment_status":"closed","ping_status":"closed","template":"","meta":{"_acf_changed":false,"inline_featured_image":false},"product_brand":[],"product_cat":[336,760,339],"product_tag":[620,604,619],"class_list":{"0":"post-6397","1":"product","2":"type-product","3":"status-publish","4":"has-post-thumbnail","6":"product_cat-koik-tooted-en","7":"product_cat-vood-ja-paelad-en","8":"product_cat-folk-costumes","9":"product_tag-eesti-parandmuster-en","10":"product_tag-kasitoo-en","11":"product_tag-naturaalsed-materjalid-en","13":"first","14":"instock","15":"taxable","16":"shipping-taxable","17":"purchasable","18":"product-type-simple"},"acf":[],"_links":{"self":[{"href":"https:\/\/aale.ee\/en\/wp-json\/wp\/v2\/product\/6397","targetHints":{"allow":["GET"]}}],"collection":[{"href":"https:\/\/aale.ee\/en\/wp-json\/wp\/v2\/product"}],"about":[{"href":"https:\/\/aale.ee\/en\/wp-json\/wp\/v2\/types\/product"}],"replies":[{"embeddable":true,"href":"https:\/\/aale.ee\/en\/wp-json\/wp\/v2\/comments?post=6397"}],"wp:featuredmedia":[{"embeddable":true,"href":"https:\/\/aale.ee\/en\/wp-json\/wp\/v2\/media\/8577"}],"wp:attachment":[{"href":"https:\/\/aale.ee\/en\/wp-json\/wp\/v2\/media?parent=6397"}],"wp:term":[{"taxonomy":"product_brand","embeddable":true,"href":"https:\/\/aale.ee\/en\/wp-json\/wp\/v2\/product_brand?post=6397"},{"taxonomy":"product_cat","embeddable":true,"href":"https:\/\/aale.ee\/en\/wp-json\/wp\/v2\/product_cat?post=6397"},{"taxonomy":"product_tag","embeddable":true,"href":"https:\/\/aale.ee\/en\/wp-json\/wp\/v2\/product_tag?post=6397"}],"curies":[{"name":"wp","href":"https:\/\/api.w.org\/{rel}","templated":true}]}}