{"id":6426,"date":"2024-09-12T17:40:52","date_gmt":"2024-09-12T17:40:52","guid":{"rendered":"https:\/\/aale.ee\/?post_type=product&#038;p=6426"},"modified":"2026-04-08T10:03:41","modified_gmt":"2026-04-08T10:03:41","slug":"rahvaroiva-seelikukangas-tartu-maarja","status":"publish","type":"product","link":"https:\/\/aale.ee\/en\/e-pood\/materials\/kangad-materjalid-en\/rahvaroiva-seelikukangas-tartu-maarja\/","title":{"rendered":"Rahvar\u00f5iva seelikukangas Tartu-Maarja"},"content":{"rendered":"<p>Rahvar\u00f5iva seelikukanga kupong, Tartu-Maarja kihelkond.<\/p>\n<p>Ajalooline eeskuju ERM 7467\/ab.<\/p>\n<p>Kootud masintelgedel, kude ja l\u00f5im 100% villane.<\/p>\n<p>M\u00f5\u00f5dud: 0,95 x 2,57 m<\/p>\n","protected":false},"excerpt":{"rendered":"<p>Rahvar\u00f5iva seelikukanga kupong, Tartu-Maarja kihelkond. Ajalooline eeskuju ERM 7467\/ab. Kootud masintelgedel, kude ja l\u00f5im 100% villane. M\u00f5\u00f5dud: 0,95 x 2,57&#8230;<\/p>\n","protected":false},"featured_media":6428,"comment_status":"closed","ping_status":"closed","template":"","meta":{"_acf_changed":false,"inline_featured_image":false},"product_brand":[],"product_cat":[336,790,791,339,341],"product_tag":[438,617,440],"class_list":{"0":"post-6426","1":"product","2":"type-product","3":"status-publish","4":"has-post-thumbnail","6":"product_cat-koik-tooted-en","7":"product_cat-kangad-materjalid-en","8":"product_cat-kangad-en","9":"product_cat-folk-costumes","10":"product_cat-materials","11":"product_tag-100-villane-en","12":"product_tag-etnograafiline-muster-en","13":"product_tag-hingav-materjal-en","15":"first","16":"instock","17":"taxable","18":"shipping-taxable","19":"purchasable","20":"product-type-simple"},"acf":[],"_links":{"self":[{"href":"https:\/\/aale.ee\/en\/wp-json\/wp\/v2\/product\/6426","targetHints":{"allow":["GET"]}}],"collection":[{"href":"https:\/\/aale.ee\/en\/wp-json\/wp\/v2\/product"}],"about":[{"href":"https:\/\/aale.ee\/en\/wp-json\/wp\/v2\/types\/product"}],"replies":[{"embeddable":true,"href":"https:\/\/aale.ee\/en\/wp-json\/wp\/v2\/comments?post=6426"}],"wp:featuredmedia":[{"embeddable":true,"href":"https:\/\/aale.ee\/en\/wp-json\/wp\/v2\/media\/6428"}],"wp:attachment":[{"href":"https:\/\/aale.ee\/en\/wp-json\/wp\/v2\/media?parent=6426"}],"wp:term":[{"taxonomy":"product_brand","embeddable":true,"href":"https:\/\/aale.ee\/en\/wp-json\/wp\/v2\/product_brand?post=6426"},{"taxonomy":"product_cat","embeddable":true,"href":"https:\/\/aale.ee\/en\/wp-json\/wp\/v2\/product_cat?post=6426"},{"taxonomy":"product_tag","embeddable":true,"href":"https:\/\/aale.ee\/en\/wp-json\/wp\/v2\/product_tag?post=6426"}],"curies":[{"name":"wp","href":"https:\/\/api.w.org\/{rel}","templated":true}]}}