{"id":6537,"date":"2024-11-15T15:26:18","date_gmt":"2024-11-15T15:26:18","guid":{"rendered":"https:\/\/aale.ee\/?post_type=product&#038;p=6537"},"modified":"2025-11-27T13:27:16","modified_gmt":"2025-11-27T13:27:16","slug":"topeltlabakud-vaike-maarja-1","status":"publish","type":"product","link":"https:\/\/aale.ee\/en\/e-pood\/mens-knitwear\/mens-gloves\/topeltlabakud-vaike-maarja-1\/","title":{"rendered":"Topeltlabakud V\u00e4ike-Maarja 1"},"content":{"rendered":"<p>Ajaloolise V\u00e4ike-Maarja kihelkonna kirikinnaste mustri ERM 13018 j\u00e4rgi kootud labakud 100 % villasest l\u00f5ngast. Pehmenduspesu t\u00f5ttu on kindad h\u00e4sti \u00f5hulised, pehmed ja soojad.<\/p>\n<p>Kui \u00f5ues paugub pakane, siis need paksud ja pehmed kindad hoiavad alati n\u00e4pud soojas.<\/p>\n<p>V\u00e4rvus: must ja naturaalne hall v\u00f5i beez ja naturaalne valge.<\/p>\n<p>Kindad sobivad h\u00e4sti kokku dzempri, jaki ja m\u00fctsidega.<\/p>\n<p>&nbsp;<\/p>\n","protected":false},"excerpt":{"rendered":"<p>Ajaloolise V\u00e4ike-Maarja kihelkonna kirikinnaste mustri ERM 13018 j\u00e4rgi kootud labakud 100 % villasest l\u00f5ngast. Pehmenduspesu t\u00f5ttu on kindad h\u00e4sti \u00f5hulised,&#8230;<\/p>\n","protected":false},"featured_media":6555,"comment_status":"closed","ping_status":"closed","template":"","meta":{"_acf_changed":false,"inline_featured_image":false},"product_brand":[],"product_cat":[336,441,338,436,337],"product_tag":[620,440,628],"class_list":{"0":"post-6537","1":"product","2":"type-product","3":"status-publish","4":"has-post-thumbnail","6":"product_cat-koik-tooted-en","7":"product_cat-mens-gloves","8":"product_cat-kindad-en","9":"product_cat-mens-knitwear","10":"product_cat-womens-knitwear-womens-knitwear","11":"product_tag-eesti-parandmuster-en","12":"product_tag-hingav-materjal-en","13":"product_tag-soojad-ja-pehmed-en","14":"pa_suurus-l-en","15":"pa_suurus-m-en","16":"pa_suurus-s-en","17":"pa_suurus-xl-en","18":"pa_varv-beez-valge-en","19":"pa_varv-must-hall-en","21":"first","22":"instock","23":"taxable","24":"shipping-taxable","25":"purchasable","26":"product-type-variable"},"acf":[],"_links":{"self":[{"href":"https:\/\/aale.ee\/en\/wp-json\/wp\/v2\/product\/6537","targetHints":{"allow":["GET"]}}],"collection":[{"href":"https:\/\/aale.ee\/en\/wp-json\/wp\/v2\/product"}],"about":[{"href":"https:\/\/aale.ee\/en\/wp-json\/wp\/v2\/types\/product"}],"replies":[{"embeddable":true,"href":"https:\/\/aale.ee\/en\/wp-json\/wp\/v2\/comments?post=6537"}],"wp:featuredmedia":[{"embeddable":true,"href":"https:\/\/aale.ee\/en\/wp-json\/wp\/v2\/media\/6555"}],"wp:attachment":[{"href":"https:\/\/aale.ee\/en\/wp-json\/wp\/v2\/media?parent=6537"}],"wp:term":[{"taxonomy":"product_brand","embeddable":true,"href":"https:\/\/aale.ee\/en\/wp-json\/wp\/v2\/product_brand?post=6537"},{"taxonomy":"product_cat","embeddable":true,"href":"https:\/\/aale.ee\/en\/wp-json\/wp\/v2\/product_cat?post=6537"},{"taxonomy":"product_tag","embeddable":true,"href":"https:\/\/aale.ee\/en\/wp-json\/wp\/v2\/product_tag?post=6537"}],"curies":[{"name":"wp","href":"https:\/\/api.w.org\/{rel}","templated":true}]}}