{"id":6841,"date":"2024-12-10T15:16:03","date_gmt":"2024-12-10T15:16:03","guid":{"rendered":"https:\/\/aale.ee\/?post_type=product&#038;p=6841"},"modified":"2025-12-03T13:35:36","modified_gmt":"2025-12-03T13:35:36","slug":"laste-tutiga-muts-kadrina","status":"publish","type":"product","link":"https:\/\/aale.ee\/en\/e-pood\/kids\/kudumid-en\/laste-tutiga-muts-kadrina\/","title":{"rendered":"Laste tutiga m\u00fcts Kadrina"},"content":{"rendered":"<p>100 % vill, kootud masinal. M\u00fctsil seespool pehme puuvillane vooder.<\/p>\n<p>V\u00e4rvus: tumesinine ja naturaalne hall v\u00f5i hele ja tume naturaalne hall. Kaunistuseks tumepunased triibud.<\/p>\n<p>Ajalooline kindakirja muster Kadrina kihelkonnast Palmsest ERM 16262 (ca 1894.a.)<\/p>\n<p>M\u00fcts sobib h\u00e4sti kokku Kadrina soojade k\u00e4pikutega.<\/p>\n<p>&nbsp;<\/p>\n","protected":false},"excerpt":{"rendered":"<p>100 % vill, kootud masinal. M\u00fctsil seespool pehme puuvillane vooder. V\u00e4rvus: tumesinine ja naturaalne hall v\u00f5i hele ja tume naturaalne&#8230;<\/p>\n","protected":false},"featured_media":6863,"comment_status":"closed","ping_status":"closed","template":"","meta":{"_acf_changed":false,"inline_featured_image":false},"product_brand":[],"product_cat":[336,410,763],"product_tag":[620,440,757],"class_list":{"0":"post-6841","1":"product","2":"type-product","3":"status-publish","4":"has-post-thumbnail","6":"product_cat-koik-tooted-en","7":"product_cat-kids","8":"product_cat-kudumid-en","9":"product_tag-eesti-parandmuster-en","10":"product_tag-hingav-materjal-en","11":"product_tag-soe-ja-pehme-en","12":"pa_suurus-l-en","13":"pa_suurus-m-en","14":"pa_suurus-s-en","15":"pa_suurus-xl-en","16":"pa_suurus-xxl-en","17":"pa_varv-tumehall-hall-en","18":"pa_varv-tumesinine-hall-en","20":"first","21":"instock","22":"taxable","23":"shipping-taxable","24":"purchasable","25":"product-type-variable"},"acf":[],"_links":{"self":[{"href":"https:\/\/aale.ee\/en\/wp-json\/wp\/v2\/product\/6841","targetHints":{"allow":["GET"]}}],"collection":[{"href":"https:\/\/aale.ee\/en\/wp-json\/wp\/v2\/product"}],"about":[{"href":"https:\/\/aale.ee\/en\/wp-json\/wp\/v2\/types\/product"}],"replies":[{"embeddable":true,"href":"https:\/\/aale.ee\/en\/wp-json\/wp\/v2\/comments?post=6841"}],"wp:featuredmedia":[{"embeddable":true,"href":"https:\/\/aale.ee\/en\/wp-json\/wp\/v2\/media\/6863"}],"wp:attachment":[{"href":"https:\/\/aale.ee\/en\/wp-json\/wp\/v2\/media?parent=6841"}],"wp:term":[{"taxonomy":"product_brand","embeddable":true,"href":"https:\/\/aale.ee\/en\/wp-json\/wp\/v2\/product_brand?post=6841"},{"taxonomy":"product_cat","embeddable":true,"href":"https:\/\/aale.ee\/en\/wp-json\/wp\/v2\/product_cat?post=6841"},{"taxonomy":"product_tag","embeddable":true,"href":"https:\/\/aale.ee\/en\/wp-json\/wp\/v2\/product_tag?post=6841"}],"curies":[{"name":"wp","href":"https:\/\/api.w.org\/{rel}","templated":true}]}}