{"id":6914,"date":"2025-01-03T11:30:37","date_gmt":"2025-01-03T11:30:37","guid":{"rendered":"https:\/\/aale.ee\/?post_type=product&#038;p=6914"},"modified":"2025-06-17T12:30:30","modified_gmt":"2025-06-17T12:30:30","slug":"rahvaroiva-seelikukangas-joelahtme-3","status":"publish","type":"product","link":"https:\/\/aale.ee\/en\/e-pood\/rahvaroivad\/rahvaroiva-seelikukangas-joelahtme-3\/","title":{"rendered":"Rahvar\u00f5iva seelikukangas J\u00f5el\u00e4htme"},"content":{"rendered":"<p>Rahvar\u00f5iva seelikukanga kupong m\u00f5\u00f5tudega 1,24 x 1,46 m<\/p>\n<p>Kootud masintelgedel, l\u00f5im puuvillane, kude villane.<\/p>\n<p>Ajalooline eeskuju: ERM 4711. Seelik on ERM-i fondist kustutatud, kuid pilt originaalseelikust on H. Kurriku raamatus &#8220;Eesti rahvar\u00f5ivad&#8221; tahvel XII pilt 6.<\/p>\n","protected":false},"excerpt":{"rendered":"<p>Rahvar\u00f5iva seelikukanga kupong m\u00f5\u00f5tudega 1,24 x 1,46 m Kootud masintelgedel, l\u00f5im puuvillane, kude villane. Ajalooline eeskuju: ERM 4711. Seelik on&#8230;<\/p>\n","protected":false},"featured_media":6907,"comment_status":"closed","ping_status":"closed","template":"","meta":{"_acf_changed":false,"inline_featured_image":false},"product_brand":[],"product_cat":[33,658,331,32,37],"product_tag":[615,618],"class_list":{"0":"post-6914","1":"product","2":"type-product","3":"status-publish","4":"has-post-thumbnail","6":"product_cat-rahvaroivad","7":"product_cat-kangad-materjalid","8":"product_cat-kangad","9":"product_cat-koik-tooted","10":"product_cat-materjalid","11":"product_tag-eesti-parandmuster","12":"product_tag-naturaalsed-materjalid","14":"first","15":"outofstock","16":"taxable","17":"shipping-taxable","18":"purchasable","19":"product-type-simple"},"acf":[],"_links":{"self":[{"href":"https:\/\/aale.ee\/en\/wp-json\/wp\/v2\/product\/6914","targetHints":{"allow":["GET"]}}],"collection":[{"href":"https:\/\/aale.ee\/en\/wp-json\/wp\/v2\/product"}],"about":[{"href":"https:\/\/aale.ee\/en\/wp-json\/wp\/v2\/types\/product"}],"replies":[{"embeddable":true,"href":"https:\/\/aale.ee\/en\/wp-json\/wp\/v2\/comments?post=6914"}],"wp:featuredmedia":[{"embeddable":true,"href":"https:\/\/aale.ee\/en\/wp-json\/wp\/v2\/media\/6907"}],"wp:attachment":[{"href":"https:\/\/aale.ee\/en\/wp-json\/wp\/v2\/media?parent=6914"}],"wp:term":[{"taxonomy":"product_brand","embeddable":true,"href":"https:\/\/aale.ee\/en\/wp-json\/wp\/v2\/product_brand?post=6914"},{"taxonomy":"product_cat","embeddable":true,"href":"https:\/\/aale.ee\/en\/wp-json\/wp\/v2\/product_cat?post=6914"},{"taxonomy":"product_tag","embeddable":true,"href":"https:\/\/aale.ee\/en\/wp-json\/wp\/v2\/product_tag?post=6914"}],"curies":[{"name":"wp","href":"https:\/\/api.w.org\/{rel}","templated":true}]}}