{"id":6922,"date":"2025-01-03T11:57:37","date_gmt":"2025-01-03T11:57:37","guid":{"rendered":"https:\/\/aale.ee\/?post_type=product&#038;p=6922"},"modified":"2025-01-03T12:04:35","modified_gmt":"2025-01-03T12:04:35","slug":"rahvaroiva-seelikukangas-palamuse","status":"publish","type":"product","link":"https:\/\/aale.ee\/en\/e-pood\/rahvaroivad\/rahvaroiva-seelikukangas-palamuse\/","title":{"rendered":"Rahvar\u00f5iva seelikukangas Palamuse"},"content":{"rendered":"<p>Rahvar\u00f5iva seelikukanga kupongid. Palamuse kihelkond.<\/p>\n<p>Sobib h\u00e4sti ka sisustustekstiiliks.<\/p>\n<p>Kootud masintelgedel, l\u00f5im puuvillane, kude villane.<\/p>\n<p>Ajalooline eeskuju: ERM A 629:227.<\/p>\n","protected":false},"excerpt":{"rendered":"<p>Rahvar\u00f5iva seelikukanga kupongid. Palamuse kihelkond. Sobib h\u00e4sti ka sisustustekstiiliks. Kootud masintelgedel, l\u00f5im puuvillane, kude villane. Ajalooline eeskuju: ERM A 629:227.<\/p>\n","protected":false},"featured_media":3943,"comment_status":"closed","ping_status":"closed","template":"","meta":{"_acf_changed":false,"inline_featured_image":false},"product_brand":[],"product_cat":[33,658,331,32,37],"product_tag":[615,618],"class_list":{"0":"post-6922","1":"product","2":"type-product","3":"status-publish","4":"has-post-thumbnail","6":"product_cat-rahvaroivad","7":"product_cat-kangad-materjalid","8":"product_cat-kangad","9":"product_cat-koik-tooted","10":"product_cat-materjalid","11":"product_tag-eesti-parandmuster","12":"product_tag-naturaalsed-materjalid","13":"pa_suurus-146-x-195-m","14":"pa_suurus-146-x-365-m","16":"first","17":"outofstock","18":"taxable","19":"shipping-taxable","20":"purchasable","21":"product-type-variable"},"acf":[],"_links":{"self":[{"href":"https:\/\/aale.ee\/en\/wp-json\/wp\/v2\/product\/6922","targetHints":{"allow":["GET"]}}],"collection":[{"href":"https:\/\/aale.ee\/en\/wp-json\/wp\/v2\/product"}],"about":[{"href":"https:\/\/aale.ee\/en\/wp-json\/wp\/v2\/types\/product"}],"replies":[{"embeddable":true,"href":"https:\/\/aale.ee\/en\/wp-json\/wp\/v2\/comments?post=6922"}],"wp:featuredmedia":[{"embeddable":true,"href":"https:\/\/aale.ee\/en\/wp-json\/wp\/v2\/media\/3943"}],"wp:attachment":[{"href":"https:\/\/aale.ee\/en\/wp-json\/wp\/v2\/media?parent=6922"}],"wp:term":[{"taxonomy":"product_brand","embeddable":true,"href":"https:\/\/aale.ee\/en\/wp-json\/wp\/v2\/product_brand?post=6922"},{"taxonomy":"product_cat","embeddable":true,"href":"https:\/\/aale.ee\/en\/wp-json\/wp\/v2\/product_cat?post=6922"},{"taxonomy":"product_tag","embeddable":true,"href":"https:\/\/aale.ee\/en\/wp-json\/wp\/v2\/product_tag?post=6922"}],"curies":[{"name":"wp","href":"https:\/\/api.w.org\/{rel}","templated":true}]}}