{"id":6937,"date":"2025-01-03T12:34:36","date_gmt":"2025-01-03T12:34:36","guid":{"rendered":"https:\/\/aale.ee\/?post_type=product&#038;p=6937"},"modified":"2026-02-01T13:36:16","modified_gmt":"2026-02-01T13:36:16","slug":"kurguhelmed-19","status":"publish","type":"product","link":"https:\/\/aale.ee\/en\/e-pood\/rahvaroivad\/kurguhelmed-19\/","title":{"rendered":"Kurguhelmed"},"content":{"rendered":"<p>Mitmev\u00e4rvilistest erinevates toonides klaashelmed, mida ajalooliselt kanti rahvar\u00f5ivastega.<\/p>\n<p>Sidus p\u00f5imitud naturaalsest linasest l\u00f5ngast.<\/p>\n","protected":false},"excerpt":{"rendered":"<p>Mitmev\u00e4rvilistest erinevates toonides klaashelmed, mida ajalooliselt kanti rahvar\u00f5ivastega. Sidus p\u00f5imitud naturaalsest linasest l\u00f5ngast.<\/p>\n","protected":false},"featured_media":6938,"comment_status":"closed","ping_status":"closed","template":"","meta":{"_acf_changed":false,"inline_featured_image":false},"product_brand":[],"product_cat":[33,328,31,32,854,855],"product_tag":[288,618],"class_list":{"0":"post-6937","1":"product","2":"type-product","3":"status-publish","4":"has-post-thumbnail","6":"product_cat-rahvaroivad","7":"product_cat-ehted-2","8":"product_cat-ehted","9":"product_cat-koik-tooted","10":"product_cat-kurguhelmed","11":"product_cat-kurguhelmed-ehted","12":"product_tag-kasitoo","13":"product_tag-naturaalsed-materjalid","15":"first","16":"instock","17":"taxable","18":"shipping-taxable","19":"purchasable","20":"product-type-simple"},"acf":[],"_links":{"self":[{"href":"https:\/\/aale.ee\/en\/wp-json\/wp\/v2\/product\/6937","targetHints":{"allow":["GET"]}}],"collection":[{"href":"https:\/\/aale.ee\/en\/wp-json\/wp\/v2\/product"}],"about":[{"href":"https:\/\/aale.ee\/en\/wp-json\/wp\/v2\/types\/product"}],"replies":[{"embeddable":true,"href":"https:\/\/aale.ee\/en\/wp-json\/wp\/v2\/comments?post=6937"}],"wp:featuredmedia":[{"embeddable":true,"href":"https:\/\/aale.ee\/en\/wp-json\/wp\/v2\/media\/6938"}],"wp:attachment":[{"href":"https:\/\/aale.ee\/en\/wp-json\/wp\/v2\/media?parent=6937"}],"wp:term":[{"taxonomy":"product_brand","embeddable":true,"href":"https:\/\/aale.ee\/en\/wp-json\/wp\/v2\/product_brand?post=6937"},{"taxonomy":"product_cat","embeddable":true,"href":"https:\/\/aale.ee\/en\/wp-json\/wp\/v2\/product_cat?post=6937"},{"taxonomy":"product_tag","embeddable":true,"href":"https:\/\/aale.ee\/en\/wp-json\/wp\/v2\/product_tag?post=6937"}],"curies":[{"name":"wp","href":"https:\/\/api.w.org\/{rel}","templated":true}]}}