{"id":7025,"date":"2025-01-20T14:11:07","date_gmt":"2025-01-20T14:11:07","guid":{"rendered":"https:\/\/aale.ee\/?post_type=product&#038;p=7025"},"modified":"2026-04-08T10:56:11","modified_gmt":"2026-04-08T10:56:11","slug":"rahvaroiva-seelikukangas-jarva-madise","status":"publish","type":"product","link":"https:\/\/aale.ee\/en\/e-pood\/rahvaroivad\/rahvaroiva-seelikukangas-jarva-madise\/","title":{"rendered":"Rahvar\u00f5iva seelikukangas J\u00e4rva-Madise"},"content":{"rendered":"<p>Rahvar\u00f5iva seelikukangas m\u00f5\u00f5tudega 0,92 x 3 m ja 0,92 x 3,7 m.<\/p>\n<p>Kangast on v\u00f5imalus osta ka \u00fches t\u00fckis.<\/p>\n<p>Kootud k\u00e4sitelgedel labases koes, l\u00f5im linane, kude villane. Kangas on m\u00f5lemalt poolt \u00fchesugune.<\/p>\n<p>Ajalooline eeskuju: ERM A 564:1931, valmistatud ca 1859. aastal J\u00e4rva-Madise kihelkonnas.<\/p>\n","protected":false},"excerpt":{"rendered":"<p>Rahvar\u00f5iva seelikukangas m\u00f5\u00f5tudega 0,92 x 3 m ja 0,92 x 3,7 m. Kangast on v\u00f5imalus osta ka \u00fches t\u00fckis. Kootud&#8230;<\/p>\n","protected":false},"featured_media":7026,"comment_status":"closed","ping_status":"closed","template":"","meta":{"_acf_changed":false,"inline_featured_image":false},"product_brand":[],"product_cat":[33,658,331,32,37],"product_tag":[615,618],"class_list":{"0":"post-7025","1":"product","2":"type-product","3":"status-publish","4":"has-post-thumbnail","6":"product_cat-rahvaroivad","7":"product_cat-kangad-materjalid","8":"product_cat-kangad","9":"product_cat-koik-tooted","10":"product_cat-materjalid","11":"product_tag-eesti-parandmuster","12":"product_tag-naturaalsed-materjalid","13":"pa_pikkus-3-m","14":"pa_pikkus-37-m","16":"first","17":"instock","18":"taxable","19":"shipping-taxable","20":"purchasable","21":"product-type-variable"},"acf":[],"_links":{"self":[{"href":"https:\/\/aale.ee\/en\/wp-json\/wp\/v2\/product\/7025","targetHints":{"allow":["GET"]}}],"collection":[{"href":"https:\/\/aale.ee\/en\/wp-json\/wp\/v2\/product"}],"about":[{"href":"https:\/\/aale.ee\/en\/wp-json\/wp\/v2\/types\/product"}],"replies":[{"embeddable":true,"href":"https:\/\/aale.ee\/en\/wp-json\/wp\/v2\/comments?post=7025"}],"wp:featuredmedia":[{"embeddable":true,"href":"https:\/\/aale.ee\/en\/wp-json\/wp\/v2\/media\/7026"}],"wp:attachment":[{"href":"https:\/\/aale.ee\/en\/wp-json\/wp\/v2\/media?parent=7025"}],"wp:term":[{"taxonomy":"product_brand","embeddable":true,"href":"https:\/\/aale.ee\/en\/wp-json\/wp\/v2\/product_brand?post=7025"},{"taxonomy":"product_cat","embeddable":true,"href":"https:\/\/aale.ee\/en\/wp-json\/wp\/v2\/product_cat?post=7025"},{"taxonomy":"product_tag","embeddable":true,"href":"https:\/\/aale.ee\/en\/wp-json\/wp\/v2\/product_tag?post=7025"}],"curies":[{"name":"wp","href":"https:\/\/api.w.org\/{rel}","templated":true}]}}