{"id":7172,"date":"2025-02-03T13:39:28","date_gmt":"2025-02-03T13:39:28","guid":{"rendered":"https:\/\/aale.ee\/?post_type=product&#038;p=7172"},"modified":"2026-03-17T14:42:15","modified_gmt":"2026-03-17T14:42:15","slug":"kurguhelmed-21","status":"publish","type":"product","link":"https:\/\/aale.ee\/en\/e-pood\/rahvaroivad\/kurguhelmed-21\/","title":{"rendered":"Kurguhelmed"},"content":{"rendered":"<p>Sini-must-valgetes toonides klaashelmed, mille vahele on l\u00fckitud l\u00e4bipaistvad helmed.<\/p>\n<p>Sidus p\u00f5imitud naturaalsest linasest l\u00f5ngast.<\/p>\n","protected":false},"excerpt":{"rendered":"<p>Sini-must-valgetes toonides klaashelmed, mille vahele on l\u00fckitud l\u00e4bipaistvad helmed. Sidus p\u00f5imitud naturaalsest linasest l\u00f5ngast.<\/p>\n","protected":false},"featured_media":7173,"comment_status":"closed","ping_status":"closed","template":"","meta":{"_acf_changed":false,"inline_featured_image":false},"product_brand":[],"product_cat":[33,328,31,32,854,855],"product_tag":[288,618],"class_list":{"0":"post-7172","1":"product","2":"type-product","3":"status-publish","4":"has-post-thumbnail","6":"product_cat-rahvaroivad","7":"product_cat-ehted-2","8":"product_cat-ehted","9":"product_cat-koik-tooted","10":"product_cat-kurguhelmed","11":"product_cat-kurguhelmed-ehted","12":"product_tag-kasitoo","13":"product_tag-naturaalsed-materjalid","15":"first","16":"instock","17":"taxable","18":"shipping-taxable","19":"purchasable","20":"product-type-simple"},"acf":[],"_links":{"self":[{"href":"https:\/\/aale.ee\/en\/wp-json\/wp\/v2\/product\/7172","targetHints":{"allow":["GET"]}}],"collection":[{"href":"https:\/\/aale.ee\/en\/wp-json\/wp\/v2\/product"}],"about":[{"href":"https:\/\/aale.ee\/en\/wp-json\/wp\/v2\/types\/product"}],"replies":[{"embeddable":true,"href":"https:\/\/aale.ee\/en\/wp-json\/wp\/v2\/comments?post=7172"}],"wp:featuredmedia":[{"embeddable":true,"href":"https:\/\/aale.ee\/en\/wp-json\/wp\/v2\/media\/7173"}],"wp:attachment":[{"href":"https:\/\/aale.ee\/en\/wp-json\/wp\/v2\/media?parent=7172"}],"wp:term":[{"taxonomy":"product_brand","embeddable":true,"href":"https:\/\/aale.ee\/en\/wp-json\/wp\/v2\/product_brand?post=7172"},{"taxonomy":"product_cat","embeddable":true,"href":"https:\/\/aale.ee\/en\/wp-json\/wp\/v2\/product_cat?post=7172"},{"taxonomy":"product_tag","embeddable":true,"href":"https:\/\/aale.ee\/en\/wp-json\/wp\/v2\/product_tag?post=7172"}],"curies":[{"name":"wp","href":"https:\/\/api.w.org\/{rel}","templated":true}]}}