{"id":7182,"date":"2025-02-03T14:23:18","date_gmt":"2025-02-03T14:23:18","guid":{"rendered":"https:\/\/aale.ee\/?post_type=product&#038;p=7182"},"modified":"2026-04-09T09:46:34","modified_gmt":"2026-04-09T09:46:34","slug":"hobedast-vitssolg-23-cm","status":"publish","type":"product","link":"https:\/\/aale.ee\/en\/e-pood\/folk-costumes\/ehted-2-en\/hobedast-vitssolg-23-cm\/","title":{"rendered":"H\u00f5bedast vitss\u00f5lg 2,3 cm"},"content":{"rendered":"<p>Kauni kujundusega h\u00f5bedast vitss\u00f5lg prooviga 925<\/p>\n<p>Diameeter 2,3 cm, kaal 4,1 g<\/p>\n<p>Topelt n\u00f5eltega n\u00f5elkinnisega, mis aitab s\u00f5le turvaliselt kinnitada.<\/p>\n<p>S\u00f5lega on kaasas kinkekarp.<\/p>\n","protected":false},"excerpt":{"rendered":"<p>Kauni kujundusega h\u00f5bedast vitss\u00f5lg prooviga 925 Diameeter 2,3 cm, kaal 4,1 g Topelt n\u00f5eltega n\u00f5elkinnisega, mis aitab s\u00f5le turvaliselt kinnitada&#8230;.<\/p>\n","protected":false},"featured_media":7184,"comment_status":"closed","ping_status":"closed","template":"","meta":{"_acf_changed":false,"inline_featured_image":false},"product_brand":[],"product_cat":[336,339,762,412,897,898],"product_tag":[603,617,604],"class_list":{"0":"post-7182","1":"product","2":"type-product","3":"status-publish","4":"has-post-thumbnail","6":"product_cat-koik-tooted-en","7":"product_cat-folk-costumes","8":"product_cat-ehted-2-en","9":"product_cat-jewelry","10":"product_cat-soled-ja-preesid-ehted","11":"product_cat-soled-ja-preesid","12":"product_tag-ainulaadne-en","13":"product_tag-etnograafiline-muster-en","14":"product_tag-kasitoo-en","16":"first","17":"instock","18":"taxable","19":"shipping-taxable","20":"purchasable","21":"product-type-simple"},"acf":[],"_links":{"self":[{"href":"https:\/\/aale.ee\/en\/wp-json\/wp\/v2\/product\/7182","targetHints":{"allow":["GET"]}}],"collection":[{"href":"https:\/\/aale.ee\/en\/wp-json\/wp\/v2\/product"}],"about":[{"href":"https:\/\/aale.ee\/en\/wp-json\/wp\/v2\/types\/product"}],"replies":[{"embeddable":true,"href":"https:\/\/aale.ee\/en\/wp-json\/wp\/v2\/comments?post=7182"}],"wp:featuredmedia":[{"embeddable":true,"href":"https:\/\/aale.ee\/en\/wp-json\/wp\/v2\/media\/7184"}],"wp:attachment":[{"href":"https:\/\/aale.ee\/en\/wp-json\/wp\/v2\/media?parent=7182"}],"wp:term":[{"taxonomy":"product_brand","embeddable":true,"href":"https:\/\/aale.ee\/en\/wp-json\/wp\/v2\/product_brand?post=7182"},{"taxonomy":"product_cat","embeddable":true,"href":"https:\/\/aale.ee\/en\/wp-json\/wp\/v2\/product_cat?post=7182"},{"taxonomy":"product_tag","embeddable":true,"href":"https:\/\/aale.ee\/en\/wp-json\/wp\/v2\/product_tag?post=7182"}],"curies":[{"name":"wp","href":"https:\/\/api.w.org\/{rel}","templated":true}]}}