{"id":7277,"date":"2025-02-14T14:32:29","date_gmt":"2025-02-14T14:32:29","guid":{"rendered":"https:\/\/aale.ee\/?post_type=product&#038;p=7277"},"modified":"2025-02-14T15:10:44","modified_gmt":"2025-02-14T15:10:44","slug":"parnumaa-rahvaroivad","status":"publish","type":"product","link":"https:\/\/aale.ee\/en\/e-pood\/koik-tooted-en\/parnumaa-rahvaroivad\/","title":{"rendered":"P\u00e4rnumaa rahvar\u00f5ivad"},"content":{"rendered":"<p>Autorid: \u00dclli Kont, Anu Randmaa, Inna Raud<\/p>\n<p>Kaasautorid: Riina Rammo, Maie Aav, K\u00fclli V\u00e4hi, Anu Pink, Aldur Vunk<\/p>\n<p>See paljude inimeste t\u00f6\u00f6na s\u00fcndinud raamat toetub eelk\u00f5ige vanade esemete uurimisele, aga ka r\u00f5ivaid kirjeldavatele arhiiviallikatele. Vanu kirjeldusi on ka lugejani toodud, mist\u00f5ttu kohtub raamatus endisaja keelepruuk t\u00e4nap\u00e4evasega. Loodan, et see raamat pakub silmailu k\u00f5igile, kellele P\u00e4rnumaa armas on, ning annab teadmisi ja valikuv\u00f5imalusi neile, kes rahvar\u00f5ivaid kannavad v\u00f5i nende valmistamise ette v\u00f5tavad. (\u00dclli Kont)<\/p>\n<p>Formaat A4, k\u00f5va k\u00f6ide, 280 lk<\/p>\n<p>Saara Kirjastus 2017<\/p>\n<p>&nbsp;<\/p>\n","protected":false},"excerpt":{"rendered":"<p>Autorid: \u00dclli Kont, Anu Randmaa, Inna Raud Kaasautorid: Riina Rammo, Maie Aav, K\u00fclli V\u00e4hi, Anu Pink, Aldur Vunk See paljude&#8230;<\/p>\n","protected":false},"featured_media":7279,"comment_status":"closed","ping_status":"closed","template":"","meta":{"_acf_changed":false,"inline_featured_image":false},"product_brand":[],"product_cat":[336,335],"product_tag":[879,660],"class_list":{"0":"post-7277","1":"product","2":"type-product","3":"status-publish","4":"has-post-thumbnail","6":"product_cat-koik-tooted-en","7":"product_cat-raamatud-en","8":"product_tag-eesti-parandmustrid-en","9":"product_tag-sisaldab-mustriskeeme-ja-toojooniseid-en","11":"first","12":"outofstock","13":"taxable","14":"shipping-taxable","15":"purchasable","16":"product-type-simple"},"acf":[],"_links":{"self":[{"href":"https:\/\/aale.ee\/en\/wp-json\/wp\/v2\/product\/7277","targetHints":{"allow":["GET"]}}],"collection":[{"href":"https:\/\/aale.ee\/en\/wp-json\/wp\/v2\/product"}],"about":[{"href":"https:\/\/aale.ee\/en\/wp-json\/wp\/v2\/types\/product"}],"replies":[{"embeddable":true,"href":"https:\/\/aale.ee\/en\/wp-json\/wp\/v2\/comments?post=7277"}],"wp:featuredmedia":[{"embeddable":true,"href":"https:\/\/aale.ee\/en\/wp-json\/wp\/v2\/media\/7279"}],"wp:attachment":[{"href":"https:\/\/aale.ee\/en\/wp-json\/wp\/v2\/media?parent=7277"}],"wp:term":[{"taxonomy":"product_brand","embeddable":true,"href":"https:\/\/aale.ee\/en\/wp-json\/wp\/v2\/product_brand?post=7277"},{"taxonomy":"product_cat","embeddable":true,"href":"https:\/\/aale.ee\/en\/wp-json\/wp\/v2\/product_cat?post=7277"},{"taxonomy":"product_tag","embeddable":true,"href":"https:\/\/aale.ee\/en\/wp-json\/wp\/v2\/product_tag?post=7277"}],"curies":[{"name":"wp","href":"https:\/\/api.w.org\/{rel}","templated":true}]}}