{"id":7283,"date":"2025-02-14T15:15:13","date_gmt":"2025-02-14T15:15:13","guid":{"rendered":"https:\/\/aale.ee\/?post_type=product&#038;p=7283"},"modified":"2026-03-07T07:09:57","modified_gmt":"2026-03-07T07:09:57","slug":"saarte-sitsijakid","status":"publish","type":"product","link":"https:\/\/aale.ee\/en\/e-pood\/koik-tooted-en\/saarte-sitsijakid\/","title":{"rendered":"Saarte sitsijakid"},"content":{"rendered":"<p>Autorid: Aivi Tamm, Merli M\u00e4nd, Anu Pink<\/p>\n<p>Raamatus on nelja saare &#8211; Kihnu, Vormsi, Muhu ja Saaremaa sitsijakkide ajalugu, kirjeldused, \u00f5mblemise juhendid, ning ka erinevatele suurusnumbritele m\u00f5eldud l\u00f5iked nii naiste kui ka t\u00fcdrukute jakkide \u00f5mblemiseks.<\/p>\n<p>Formaat A4, k\u00f5va k\u00f6ide, 111 lk<\/p>\n<p>Saara Kirjastus 2024<\/p>\n<p>&nbsp;<\/p>\n","protected":false},"excerpt":{"rendered":"<p>Autorid: Aivi Tamm, Merli M\u00e4nd, Anu Pink Raamatus on nelja saare &#8211; Kihnu, Vormsi, Muhu ja Saaremaa sitsijakkide ajalugu, kirjeldused,&#8230;<\/p>\n","protected":false},"featured_media":7285,"comment_status":"closed","ping_status":"closed","template":"","meta":{"_acf_changed":false,"inline_featured_image":false},"product_brand":[],"product_cat":[336,335],"product_tag":[879,660],"class_list":{"0":"post-7283","1":"product","2":"type-product","3":"status-publish","4":"has-post-thumbnail","6":"product_cat-koik-tooted-en","7":"product_cat-raamatud-en","8":"product_tag-eesti-parandmustrid-en","9":"product_tag-sisaldab-mustriskeeme-ja-toojooniseid-en","11":"first","12":"instock","13":"taxable","14":"shipping-taxable","15":"purchasable","16":"product-type-simple"},"acf":[],"_links":{"self":[{"href":"https:\/\/aale.ee\/en\/wp-json\/wp\/v2\/product\/7283","targetHints":{"allow":["GET"]}}],"collection":[{"href":"https:\/\/aale.ee\/en\/wp-json\/wp\/v2\/product"}],"about":[{"href":"https:\/\/aale.ee\/en\/wp-json\/wp\/v2\/types\/product"}],"replies":[{"embeddable":true,"href":"https:\/\/aale.ee\/en\/wp-json\/wp\/v2\/comments?post=7283"}],"wp:featuredmedia":[{"embeddable":true,"href":"https:\/\/aale.ee\/en\/wp-json\/wp\/v2\/media\/7285"}],"wp:attachment":[{"href":"https:\/\/aale.ee\/en\/wp-json\/wp\/v2\/media?parent=7283"}],"wp:term":[{"taxonomy":"product_brand","embeddable":true,"href":"https:\/\/aale.ee\/en\/wp-json\/wp\/v2\/product_brand?post=7283"},{"taxonomy":"product_cat","embeddable":true,"href":"https:\/\/aale.ee\/en\/wp-json\/wp\/v2\/product_cat?post=7283"},{"taxonomy":"product_tag","embeddable":true,"href":"https:\/\/aale.ee\/en\/wp-json\/wp\/v2\/product_tag?post=7283"}],"curies":[{"name":"wp","href":"https:\/\/api.w.org\/{rel}","templated":true}]}}