{"id":7363,"date":"2025-03-06T13:57:31","date_gmt":"2025-03-06T13:57:31","guid":{"rendered":"https:\/\/aale.ee\/?post_type=product&#038;p=7363"},"modified":"2026-04-16T11:21:28","modified_gmt":"2026-04-16T11:21:28","slug":"poll-aarepitsiga","status":"publish","type":"product","link":"https:\/\/aale.ee\/en\/e-pood\/rahvaroivad\/poll-aarepitsiga\/","title":{"rendered":"P\u00f5ll \u00e4\u00e4repitsiga"},"content":{"rendered":"<p>\u00d5rnalt l\u00e4bipaistev puuvillase ja linase segu kangast p\u00f5ll rahvar\u00f5ivastega kandmiseks.<\/p>\n<p>P\u00f5lle laius 64 cm. Kaunistuseks lappvoldid ja puuvillane \u00e4\u00e4repits.<\/p>\n<p>Valmistame p\u00f5llesid ka tellimusel. Kirjuta meile oma soovist.<\/p>\n","protected":false},"excerpt":{"rendered":"<p>\u00d5rnalt l\u00e4bipaistev puuvillase ja linase segu kangast p\u00f5ll rahvar\u00f5ivastega kandmiseks. P\u00f5lle laius 64 cm. Kaunistuseks lappvoldid ja puuvillane \u00e4\u00e4repits. Valmistame&#8230;<\/p>\n","protected":false},"featured_media":5135,"comment_status":"closed","ping_status":"closed","template":"","meta":{"_acf_changed":false,"inline_featured_image":false},"product_brand":[],"product_cat":[33,32,322],"product_tag":[622,288,618],"class_list":{"0":"post-7363","1":"product","2":"type-product","3":"status-publish","4":"has-post-thumbnail","6":"product_cat-rahvaroivad","7":"product_cat-koik-tooted","8":"product_cat-valmisroivad","9":"product_tag-etnograafiline-roivas","10":"product_tag-kasitoo","11":"product_tag-naturaalsed-materjalid","12":"pa_pikkus-75-cm","13":"pa_pikkus-80-cm","14":"pa_pikkus-85-cm","16":"first","17":"outofstock","18":"taxable","19":"shipping-taxable","20":"purchasable","21":"product-type-variable"},"acf":[],"_links":{"self":[{"href":"https:\/\/aale.ee\/en\/wp-json\/wp\/v2\/product\/7363","targetHints":{"allow":["GET"]}}],"collection":[{"href":"https:\/\/aale.ee\/en\/wp-json\/wp\/v2\/product"}],"about":[{"href":"https:\/\/aale.ee\/en\/wp-json\/wp\/v2\/types\/product"}],"replies":[{"embeddable":true,"href":"https:\/\/aale.ee\/en\/wp-json\/wp\/v2\/comments?post=7363"}],"wp:featuredmedia":[{"embeddable":true,"href":"https:\/\/aale.ee\/en\/wp-json\/wp\/v2\/media\/5135"}],"wp:attachment":[{"href":"https:\/\/aale.ee\/en\/wp-json\/wp\/v2\/media?parent=7363"}],"wp:term":[{"taxonomy":"product_brand","embeddable":true,"href":"https:\/\/aale.ee\/en\/wp-json\/wp\/v2\/product_brand?post=7363"},{"taxonomy":"product_cat","embeddable":true,"href":"https:\/\/aale.ee\/en\/wp-json\/wp\/v2\/product_cat?post=7363"},{"taxonomy":"product_tag","embeddable":true,"href":"https:\/\/aale.ee\/en\/wp-json\/wp\/v2\/product_tag?post=7363"}],"curies":[{"name":"wp","href":"https:\/\/api.w.org\/{rel}","templated":true}]}}