{"id":7414,"date":"2025-03-14T14:44:42","date_gmt":"2025-03-14T14:44:42","guid":{"rendered":"https:\/\/aale.ee\/?post_type=product&#038;p=7414"},"modified":"2025-04-14T07:10:08","modified_gmt":"2025-04-14T07:10:08","slug":"rahvaroivaste-valmistamise-juhend-rakvere-naine","status":"publish","type":"product","link":"https:\/\/aale.ee\/en\/e-pood\/koik-tooted-en\/rahvaroivaste-valmistamise-juhend-rakvere-naine\/","title":{"rendered":"Rahvar\u00f5ivaste valmistamise juhend. Rakvere naine"},"content":{"rendered":"<p>Autorid: Kaoke K\u00e4rdi, Ellen V\u00e4rv, Age Raudsepp<\/p>\n<p>Juhendis tutvustatakse Rakvere kihelkonna naiste r\u00f5ivaid 19.sajandist. Tr\u00fckis sisaldab Eesti Rahva Muuseumi originaalesemete fotosid, mustri ja l\u00f5ikeskeeme.<\/p>\n<p>M\u00f5\u00f5dud 210 x 245, pehme k\u00f6ide, 16 lk<\/p>\n<p>2022. a.<\/p>\n<p>&nbsp;<\/p>\n","protected":false},"excerpt":{"rendered":"<p>Autorid: Kaoke K\u00e4rdi, Ellen V\u00e4rv, Age Raudsepp Juhendis tutvustatakse Rakvere kihelkonna naiste r\u00f5ivaid 19.sajandist. Tr\u00fckis sisaldab Eesti Rahva Muuseumi originaalesemete&#8230;<\/p>\n","protected":false},"featured_media":7416,"comment_status":"closed","ping_status":"closed","template":"","meta":{"_acf_changed":false,"inline_featured_image":false},"product_brand":[],"product_cat":[336,335],"product_tag":[879,660],"class_list":{"0":"post-7414","1":"product","2":"type-product","3":"status-publish","4":"has-post-thumbnail","6":"product_cat-koik-tooted-en","7":"product_cat-raamatud-en","8":"product_tag-eesti-parandmustrid-en","9":"product_tag-sisaldab-mustriskeeme-ja-toojooniseid-en","11":"first","12":"instock","13":"taxable","14":"shipping-taxable","15":"purchasable","16":"product-type-simple"},"acf":[],"_links":{"self":[{"href":"https:\/\/aale.ee\/en\/wp-json\/wp\/v2\/product\/7414","targetHints":{"allow":["GET"]}}],"collection":[{"href":"https:\/\/aale.ee\/en\/wp-json\/wp\/v2\/product"}],"about":[{"href":"https:\/\/aale.ee\/en\/wp-json\/wp\/v2\/types\/product"}],"replies":[{"embeddable":true,"href":"https:\/\/aale.ee\/en\/wp-json\/wp\/v2\/comments?post=7414"}],"wp:featuredmedia":[{"embeddable":true,"href":"https:\/\/aale.ee\/en\/wp-json\/wp\/v2\/media\/7416"}],"wp:attachment":[{"href":"https:\/\/aale.ee\/en\/wp-json\/wp\/v2\/media?parent=7414"}],"wp:term":[{"taxonomy":"product_brand","embeddable":true,"href":"https:\/\/aale.ee\/en\/wp-json\/wp\/v2\/product_brand?post=7414"},{"taxonomy":"product_cat","embeddable":true,"href":"https:\/\/aale.ee\/en\/wp-json\/wp\/v2\/product_cat?post=7414"},{"taxonomy":"product_tag","embeddable":true,"href":"https:\/\/aale.ee\/en\/wp-json\/wp\/v2\/product_tag?post=7414"}],"curies":[{"name":"wp","href":"https:\/\/api.w.org\/{rel}","templated":true}]}}