{"id":7418,"date":"2025-03-14T14:55:57","date_gmt":"2025-03-14T14:55:57","guid":{"rendered":"https:\/\/aale.ee\/?post_type=product&#038;p=7418"},"modified":"2025-03-14T15:03:30","modified_gmt":"2025-03-14T15:03:30","slug":"rahvaroivaste-valmistamise-juhend-kaapotkleit-ja-kostuum","status":"publish","type":"product","link":"https:\/\/aale.ee\/en\/e-pood\/koik-tooted-en\/rahvaroivaste-valmistamise-juhend-kaapotkleit-ja-kostuum\/","title":{"rendered":"Rahvar\u00f5ivaste valmistamise juhend. Kaapotkleit ja -kost\u00fc\u00fcm."},"content":{"rendered":"<p>Juhendis tutvustatakse kaapotkleite ja -kost\u00fc\u00fcme, mis olid Eestis rahvar\u00f5ivastelt linnamoele \u00fclemineku r\u00f5ivasteks. Tr\u00fckis sisaldab Eesti Rahva Muuseumi originaalesemete fotosid, mustri ja l\u00f5ikeskeeme.<\/p>\n<p>M\u00f5\u00f5dud 210 x 240, pehme k\u00f6ide, 11 lk<\/p>\n<p>2019. a.<\/p>\n<p>&nbsp;<\/p>\n","protected":false},"excerpt":{"rendered":"<p>Juhendis tutvustatakse kaapotkleite ja -kost\u00fc\u00fcme, mis olid Eestis rahvar\u00f5ivastelt linnamoele \u00fclemineku r\u00f5ivasteks. Tr\u00fckis sisaldab Eesti Rahva Muuseumi originaalesemete fotosid, mustri&#8230;<\/p>\n","protected":false},"featured_media":7420,"comment_status":"closed","ping_status":"closed","template":"","meta":{"_acf_changed":false,"inline_featured_image":false},"product_brand":[],"product_cat":[336,335],"product_tag":[879,660],"class_list":{"0":"post-7418","1":"product","2":"type-product","3":"status-publish","4":"has-post-thumbnail","6":"product_cat-koik-tooted-en","7":"product_cat-raamatud-en","8":"product_tag-eesti-parandmustrid-en","9":"product_tag-sisaldab-mustriskeeme-ja-toojooniseid-en","11":"first","12":"outofstock","13":"taxable","14":"shipping-taxable","15":"purchasable","16":"product-type-simple"},"acf":[],"_links":{"self":[{"href":"https:\/\/aale.ee\/en\/wp-json\/wp\/v2\/product\/7418","targetHints":{"allow":["GET"]}}],"collection":[{"href":"https:\/\/aale.ee\/en\/wp-json\/wp\/v2\/product"}],"about":[{"href":"https:\/\/aale.ee\/en\/wp-json\/wp\/v2\/types\/product"}],"replies":[{"embeddable":true,"href":"https:\/\/aale.ee\/en\/wp-json\/wp\/v2\/comments?post=7418"}],"wp:featuredmedia":[{"embeddable":true,"href":"https:\/\/aale.ee\/en\/wp-json\/wp\/v2\/media\/7420"}],"wp:attachment":[{"href":"https:\/\/aale.ee\/en\/wp-json\/wp\/v2\/media?parent=7418"}],"wp:term":[{"taxonomy":"product_brand","embeddable":true,"href":"https:\/\/aale.ee\/en\/wp-json\/wp\/v2\/product_brand?post=7418"},{"taxonomy":"product_cat","embeddable":true,"href":"https:\/\/aale.ee\/en\/wp-json\/wp\/v2\/product_cat?post=7418"},{"taxonomy":"product_tag","embeddable":true,"href":"https:\/\/aale.ee\/en\/wp-json\/wp\/v2\/product_tag?post=7418"}],"curies":[{"name":"wp","href":"https:\/\/api.w.org\/{rel}","templated":true}]}}