{"id":7429,"date":"2025-03-17T13:17:31","date_gmt":"2025-03-17T13:17:31","guid":{"rendered":"https:\/\/aale.ee\/?post_type=product&#038;p=7429"},"modified":"2025-03-17T13:31:48","modified_gmt":"2025-03-17T13:31:48","slug":"neidude-peakattedrahvaroivaste-juurde","status":"publish","type":"product","link":"https:\/\/aale.ee\/en\/e-pood\/koik-tooted-en\/neidude-peakattedrahvaroivaste-juurde\/","title":{"rendered":"Neidude peakatted rahvar\u00f5ivaste juurde"},"content":{"rendered":"<p>Raamatust saab teada, milliseid peaehteid ja -katteid eesti neiud 18. ja 19. sajandil kandsid.<\/p>\n<p>Raamatu aluseks on Aino Voolmaa koostatud tr\u00fckis &#8220;Lisandeid eesti rahvar\u00f5ivaste juurde. Peapaelad ja kotid&#8221;, mis ilmus 1986. aastal.<\/p>\n<p>Rahvar\u00f5ivastele iseloomulike paikkondlike tunnuste p\u00f5hjal vaadeldakse neidude peakatteid nelja suurema piirkonna kaupa: P\u00f5hja-Eesti, L\u00f5una-Eesti, L\u00e4\u00e4ne-Eesti ja saared. Lisatud esemete kirjeldused koos m\u00f5\u00f5tudega.<\/p>\n<p>M\u00f5\u00f5dud 185 x 295, k\u00f5va k\u00f6ide, 63 lk<\/p>\n<p>2017. a.<\/p>\n<p>&nbsp;<\/p>\n","protected":false},"excerpt":{"rendered":"<p>Raamatust saab teada, milliseid peaehteid ja -katteid eesti neiud 18. ja 19. sajandil kandsid. Raamatu aluseks on Aino Voolmaa koostatud&#8230;<\/p>\n","protected":false},"featured_media":7431,"comment_status":"closed","ping_status":"closed","template":"","meta":{"_acf_changed":false,"inline_featured_image":false},"product_brand":[],"product_cat":[336,335],"product_tag":[879],"class_list":{"0":"post-7429","1":"product","2":"type-product","3":"status-publish","4":"has-post-thumbnail","6":"product_cat-koik-tooted-en","7":"product_cat-raamatud-en","8":"product_tag-eesti-parandmustrid-en","10":"first","11":"instock","12":"taxable","13":"shipping-taxable","14":"purchasable","15":"product-type-simple"},"acf":[],"_links":{"self":[{"href":"https:\/\/aale.ee\/en\/wp-json\/wp\/v2\/product\/7429","targetHints":{"allow":["GET"]}}],"collection":[{"href":"https:\/\/aale.ee\/en\/wp-json\/wp\/v2\/product"}],"about":[{"href":"https:\/\/aale.ee\/en\/wp-json\/wp\/v2\/types\/product"}],"replies":[{"embeddable":true,"href":"https:\/\/aale.ee\/en\/wp-json\/wp\/v2\/comments?post=7429"}],"wp:featuredmedia":[{"embeddable":true,"href":"https:\/\/aale.ee\/en\/wp-json\/wp\/v2\/media\/7431"}],"wp:attachment":[{"href":"https:\/\/aale.ee\/en\/wp-json\/wp\/v2\/media?parent=7429"}],"wp:term":[{"taxonomy":"product_brand","embeddable":true,"href":"https:\/\/aale.ee\/en\/wp-json\/wp\/v2\/product_brand?post=7429"},{"taxonomy":"product_cat","embeddable":true,"href":"https:\/\/aale.ee\/en\/wp-json\/wp\/v2\/product_cat?post=7429"},{"taxonomy":"product_tag","embeddable":true,"href":"https:\/\/aale.ee\/en\/wp-json\/wp\/v2\/product_tag?post=7429"}],"curies":[{"name":"wp","href":"https:\/\/api.w.org\/{rel}","templated":true}]}}